{"id":2788,"date":"2022-08-30T11:11:53","date_gmt":"2022-08-30T08:11:53","guid":{"rendered":"https:\/\/melissi.com\/sustainability-information\/"},"modified":"2026-02-19T13:34:30","modified_gmt":"2026-02-19T11:34:30","slug":"sustainability-information","status":"publish","type":"page","link":"https:\/\/melissi.com\/de\/sustainability-information\/","title":{"rendered":"Informationen zur Nachhaltigkeit"},"content":{"rendered":"\t\t<div data-elementor-type=\"wp-page\" data-elementor-id=\"2788\" class=\"elementor elementor-2788 elementor-2748\" data-elementor-post-type=\"page\">\n\t\t\t\t\t\t<section class=\"elementor-section elementor-top-section elementor-element elementor-element-668cb3ef elementor-section-height-min-height elementor-section-items-bottom elementor-section-boxed elementor-section-height-default\" data-id=\"668cb3ef\" data-element_type=\"section\" data-e-type=\"section\" data-settings=\"{&quot;background_background&quot;:&quot;classic&quot;}\">\n\t\t\t\t\t\t\t<div class=\"elementor-background-overlay\"><\/div>\n\t\t\t\t\t\t\t<div class=\"elementor-container elementor-column-gap-no\">\n\t\t\t\t\t<div class=\"elementor-column elementor-col-100 elementor-top-column elementor-element elementor-element-7ed8bd29\" data-id=\"7ed8bd29\" data-element_type=\"column\" data-e-type=\"column\">\n\t\t\t<div class=\"elementor-widget-wrap elementor-element-populated\">\n\t\t\t\t\t\t<div class=\"elementor-element elementor-element-6865a74 elementor-widget elementor-widget-heading\" data-id=\"6865a74\" data-element_type=\"widget\" data-e-type=\"widget\" data-widget_type=\"heading.default\">\n\t\t\t\t<div class=\"elementor-widget-container\">\n\t\t\t\t\t<h1 class=\"elementor-heading-title elementor-size-xxl\">Informationen zur Nachhaltigkeit<\/h1>\t\t\t\t<\/div>\n\t\t\t\t<\/div>\n\t\t\t\t<div class=\"elementor-element elementor-element-2671b20 elementor-widget elementor-widget-heading\" data-id=\"2671b20\" data-element_type=\"widget\" data-e-type=\"widget\" data-widget_type=\"heading.default\">\n\t\t\t\t<div class=\"elementor-widget-container\">\n\t\t\t\t\t<p class=\"elementor-heading-title elementor-size-default\">Melissi Beach Hotel &amp; Spa<\/p>\t\t\t\t<\/div>\n\t\t\t\t<\/div>\n\t\t\t\t<div class=\"elementor-element elementor-element-3541f524 elementor-widget elementor-widget-spacer\" data-id=\"3541f524\" data-element_type=\"widget\" data-e-type=\"widget\" data-widget_type=\"spacer.default\">\n\t\t\t\t<div class=\"elementor-widget-container\">\n\t\t\t\t\t\t\t<div class=\"elementor-spacer\">\n\t\t\t<div class=\"elementor-spacer-inner\"><\/div>\n\t\t<\/div>\n\t\t\t\t\t\t<\/div>\n\t\t\t\t<\/div>\n\t\t\t\t\t<\/div>\n\t\t<\/div>\n\t\t\t\t\t<\/div>\n\t\t<\/section>\n\t\t\t\t<section class=\"elementor-section elementor-top-section elementor-element elementor-element-162b09a0 elementor-section-content-middle elementor-section-boxed elementor-section-height-default elementor-section-height-default\" data-id=\"162b09a0\" data-element_type=\"section\" data-e-type=\"section\">\n\t\t\t\t\t\t<div class=\"elementor-container elementor-column-gap-default\">\n\t\t\t\t\t<div class=\"elementor-column elementor-col-100 elementor-top-column elementor-element elementor-element-4e62372b\" data-id=\"4e62372b\" data-element_type=\"column\" data-e-type=\"column\">\n\t\t\t<div class=\"elementor-widget-wrap elementor-element-populated\">\n\t\t\t\t\t\t<div class=\"elementor-element elementor-element-5524f5b1 elementor-widget elementor-widget-text-editor\" data-id=\"5524f5b1\" data-element_type=\"widget\" data-e-type=\"widget\" data-widget_type=\"text-editor.default\">\n\t\t\t\t<div class=\"elementor-widget-container\">\n\t\t\t\t\t\t\t\t\t<p>Das Melissi Beach Hotel &amp; SPA hat Ma\u00dfnahmen ergriffen, um seine Umweltbelastung einzuschr\u00e4nken und seine Nachhaltigkeit zu verbessern, indem es \u201eTravellife\u201c eingef\u00fchrt hat.<\/p><p>\u201eTravellife\u201c ist ein international anerkanntes Zertifizierungsprogramm f\u00fcr Nachhaltigkeit von Hotels und Unterk\u00fcnften, welches dabei helfen soll einen Standard f\u00fcr Hotels zu gew\u00e4hrleisten, indem sie es schaffen die Umwelt- und Sozialeinwirkungen zu verbessern. Gemeint sind zum Beispiel den Energiebedarf und Wasserverbrauch zu senken, sowie sicherzustellen, dass ortsans\u00e4ssige Unternehmen, Menschen und die Kultur gef\u00f6rdert werden. Des Weiteren werden Themen wie Menschenrechte, Jugendschutz und Mitarbeiterf\u00fcrsorge behandelt.<\/p><p>Unser Umwelt- und Nachhaltigkeitsplan hat zum Ziel, Energie, Wasser und Chemikalien zu sparen, Verschwendung zu reduzieren und die lokale Gemeinde zu unterst\u00fctzen.<\/p><p>Alle Hotelabteilungen und Angestellten sind daran beteiligt, au\u00dferdem ermuntern wir unsere Partner, Lieferanten und Gemeinden ebenfalls solche Vorgehensweisen einzuf\u00fchren.<\/p>\t\t\t\t\t\t\t\t<\/div>\n\t\t\t\t<\/div>\n\t\t\t\t\t<\/div>\n\t\t<\/div>\n\t\t\t\t\t<\/div>\n\t\t<\/section>\n\t\t\t\t<\/div>\n\t\t","protected":false},"excerpt":{"rendered":"<p>Informationen zur Nachhaltigkeit Melissi Beach Hotel &amp; Spa Das Melissi Beach Hotel &amp; SPA hat Ma\u00dfnahmen ergriffen, um seine Umweltbelastung einzuschr\u00e4nken und seine Nachhaltigkeit zu verbessern, indem es \u201eTravellife\u201c eingef\u00fchrt hat. \u201eTravellife\u201c ist ein international anerkanntes Zertifizierungsprogramm f\u00fcr Nachhaltigkeit von Hotels und Unterk\u00fcnften, welches dabei helfen soll einen Standard f\u00fcr Hotels zu gew\u00e4hrleisten, indem sie [&hellip;]<\/p>\n","protected":false},"author":2,"featured_media":0,"parent":0,"menu_order":0,"comment_status":"closed","ping_status":"closed","template":"","meta":{"_acf_changed":false,"footnotes":""},"class_list":["post-2788","page","type-page","status-publish","hentry"],"acf":[],"yoast_head":"<!-- This site is optimized with the Yoast SEO plugin v27.3 - https:\/\/yoast.com\/product\/yoast-seo-wordpress\/ -->\n<title>Melissi Beach Hotel &amp; Spa, Ayia Napa, Cyprus | Sustainability Info<\/title>\n<meta name=\"description\" content=\"Melissi Beach Hotel &amp; Spa has taken actions to reduce its environmental impact and to promote sustainability by adopting Travelife.\" \/>\n<meta name=\"robots\" content=\"index, follow, max-snippet:-1, max-image-preview:large, max-video-preview:-1\" \/>\n<link rel=\"canonical\" href=\"https:\/\/melissi.com\/ru\/sustainability-information\/\" \/>\n<meta property=\"og:locale\" content=\"de_DE\" \/>\n<meta property=\"og:type\" content=\"article\" \/>\n<meta property=\"og:title\" content=\"Melissi Beach Hotel &amp; Spa, Ayia Napa, Cyprus | Sustainability Info\" \/>\n<meta property=\"og:description\" content=\"Melissi Beach Hotel &amp; Spa has taken actions to reduce its environmental impact and to promote sustainability by adopting Travelife.\" \/>\n<meta property=\"og:url\" content=\"https:\/\/melissi.com\/ru\/sustainability-information\/\" \/>\n<meta property=\"og:site_name\" content=\"Melissi\" \/>\n<meta property=\"article:publisher\" content=\"https:\/\/www.facebook.com\/melissi.beach.hotel\" \/>\n<meta property=\"article:modified_time\" content=\"2026-02-19T11:34:30+00:00\" \/>\n<meta name=\"twitter:card\" content=\"summary_large_image\" \/>\n<meta name=\"twitter:site\" content=\"@MelissiHotel\" \/>\n<meta name=\"twitter:label1\" content=\"Gesch\u00e4tzte Lesezeit\" \/>\n\t<meta name=\"twitter:data1\" content=\"1\u00a0Minute\" \/>\n<script type=\"application\/ld+json\" class=\"yoast-schema-graph\">{\"@context\":\"https:\\\/\\\/schema.org\",\"@graph\":[{\"@type\":\"WebPage\",\"@id\":\"https:\\\/\\\/melissi.com\\\/ru\\\/sustainability-information\\\/\",\"url\":\"https:\\\/\\\/melissi.com\\\/ru\\\/sustainability-information\\\/\",\"name\":\"Melissi Beach Hotel & Spa, Ayia Napa, Cyprus | Sustainability Info\",\"isPartOf\":{\"@id\":\"https:\\\/\\\/melissi.com\\\/#website\"},\"datePublished\":\"2022-08-30T08:11:53+00:00\",\"dateModified\":\"2026-02-19T11:34:30+00:00\",\"description\":\"Melissi Beach Hotel & Spa has taken actions to reduce its environmental impact and to promote sustainability by adopting Travelife.\",\"breadcrumb\":{\"@id\":\"https:\\\/\\\/melissi.com\\\/ru\\\/sustainability-information\\\/#breadcrumb\"},\"inLanguage\":\"de\",\"potentialAction\":[{\"@type\":\"ReadAction\",\"target\":[\"https:\\\/\\\/melissi.com\\\/ru\\\/sustainability-information\\\/\"]}]},{\"@type\":\"BreadcrumbList\",\"@id\":\"https:\\\/\\\/melissi.com\\\/ru\\\/sustainability-information\\\/#breadcrumb\",\"itemListElement\":[{\"@type\":\"ListItem\",\"position\":1,\"name\":\"Home\",\"item\":\"https:\\\/\\\/melissi.com\\\/ru\\\/\"},{\"@type\":\"ListItem\",\"position\":2,\"name\":\"Informationen zur Nachhaltigkeit\"}]},{\"@type\":\"WebSite\",\"@id\":\"https:\\\/\\\/melissi.com\\\/#website\",\"url\":\"https:\\\/\\\/melissi.com\\\/\",\"name\":\"Melissi\",\"description\":\"Escape from it all\",\"publisher\":{\"@id\":\"https:\\\/\\\/melissi.com\\\/#organization\"},\"potentialAction\":[{\"@type\":\"SearchAction\",\"target\":{\"@type\":\"EntryPoint\",\"urlTemplate\":\"https:\\\/\\\/melissi.com\\\/?s={search_term_string}\"},\"query-input\":{\"@type\":\"PropertyValueSpecification\",\"valueRequired\":true,\"valueName\":\"search_term_string\"}}],\"inLanguage\":\"de\"},{\"@type\":\"Organization\",\"@id\":\"https:\\\/\\\/melissi.com\\\/#organization\",\"name\":\"Melissi Beach Hotel & Spa\",\"url\":\"https:\\\/\\\/melissi.com\\\/\",\"logo\":{\"@type\":\"ImageObject\",\"inLanguage\":\"de\",\"@id\":\"https:\\\/\\\/melissi.com\\\/#\\\/schema\\\/logo\\\/image\\\/\",\"url\":\"https:\\\/\\\/melissi.com\\\/wp-content\\\/uploads\\\/2019\\\/10\\\/logo-600px.png\",\"contentUrl\":\"https:\\\/\\\/melissi.com\\\/wp-content\\\/uploads\\\/2019\\\/10\\\/logo-600px.png\",\"width\":600,\"height\":608,\"caption\":\"Melissi Beach Hotel & Spa\"},\"image\":{\"@id\":\"https:\\\/\\\/melissi.com\\\/#\\\/schema\\\/logo\\\/image\\\/\"},\"sameAs\":[\"https:\\\/\\\/www.facebook.com\\\/melissi.beach.hotel\",\"https:\\\/\\\/x.com\\\/MelissiHotel\",\"https:\\\/\\\/www.instagram.com\\\/melissibeachhotel\\\/\",\"https:\\\/\\\/www.youtube.com\\\/channel\\\/UCmfGZBaGmRhez-ZLVsY1RCg\"]}]}<\/script>\n<!-- \/ Yoast SEO plugin. -->","yoast_head_json":{"title":"Melissi Beach Hotel & Spa, Ayia Napa, Cyprus | Sustainability Info","description":"Melissi Beach Hotel & Spa has taken actions to reduce its environmental impact and to promote sustainability by adopting Travelife.","robots":{"index":"index","follow":"follow","max-snippet":"max-snippet:-1","max-image-preview":"max-image-preview:large","max-video-preview":"max-video-preview:-1"},"canonical":"https:\/\/melissi.com\/ru\/sustainability-information\/","og_locale":"de_DE","og_type":"article","og_title":"Melissi Beach Hotel & Spa, Ayia Napa, Cyprus | Sustainability Info","og_description":"Melissi Beach Hotel & Spa has taken actions to reduce its environmental impact and to promote sustainability by adopting Travelife.","og_url":"https:\/\/melissi.com\/ru\/sustainability-information\/","og_site_name":"Melissi","article_publisher":"https:\/\/www.facebook.com\/melissi.beach.hotel","article_modified_time":"2026-02-19T11:34:30+00:00","twitter_card":"summary_large_image","twitter_site":"@MelissiHotel","twitter_misc":{"Gesch\u00e4tzte Lesezeit":"1\u00a0Minute"},"schema":{"@context":"https:\/\/schema.org","@graph":[{"@type":"WebPage","@id":"https:\/\/melissi.com\/ru\/sustainability-information\/","url":"https:\/\/melissi.com\/ru\/sustainability-information\/","name":"Melissi Beach Hotel & Spa, Ayia Napa, Cyprus | Sustainability Info","isPartOf":{"@id":"https:\/\/melissi.com\/#website"},"datePublished":"2022-08-30T08:11:53+00:00","dateModified":"2026-02-19T11:34:30+00:00","description":"Melissi Beach Hotel & Spa has taken actions to reduce its environmental impact and to promote sustainability by adopting Travelife.","breadcrumb":{"@id":"https:\/\/melissi.com\/ru\/sustainability-information\/#breadcrumb"},"inLanguage":"de","potentialAction":[{"@type":"ReadAction","target":["https:\/\/melissi.com\/ru\/sustainability-information\/"]}]},{"@type":"BreadcrumbList","@id":"https:\/\/melissi.com\/ru\/sustainability-information\/#breadcrumb","itemListElement":[{"@type":"ListItem","position":1,"name":"Home","item":"https:\/\/melissi.com\/ru\/"},{"@type":"ListItem","position":2,"name":"Informationen zur Nachhaltigkeit"}]},{"@type":"WebSite","@id":"https:\/\/melissi.com\/#website","url":"https:\/\/melissi.com\/","name":"Melissi","description":"Escape from it all","publisher":{"@id":"https:\/\/melissi.com\/#organization"},"potentialAction":[{"@type":"SearchAction","target":{"@type":"EntryPoint","urlTemplate":"https:\/\/melissi.com\/?s={search_term_string}"},"query-input":{"@type":"PropertyValueSpecification","valueRequired":true,"valueName":"search_term_string"}}],"inLanguage":"de"},{"@type":"Organization","@id":"https:\/\/melissi.com\/#organization","name":"Melissi Beach Hotel & Spa","url":"https:\/\/melissi.com\/","logo":{"@type":"ImageObject","inLanguage":"de","@id":"https:\/\/melissi.com\/#\/schema\/logo\/image\/","url":"https:\/\/melissi.com\/wp-content\/uploads\/2019\/10\/logo-600px.png","contentUrl":"https:\/\/melissi.com\/wp-content\/uploads\/2019\/10\/logo-600px.png","width":600,"height":608,"caption":"Melissi Beach Hotel & Spa"},"image":{"@id":"https:\/\/melissi.com\/#\/schema\/logo\/image\/"},"sameAs":["https:\/\/www.facebook.com\/melissi.beach.hotel","https:\/\/x.com\/MelissiHotel","https:\/\/www.instagram.com\/melissibeachhotel\/","https:\/\/www.youtube.com\/channel\/UCmfGZBaGmRhez-ZLVsY1RCg"]}]}},"_links":{"self":[{"href":"https:\/\/melissi.com\/de\/wp-json\/wp\/v2\/pages\/2788","targetHints":{"allow":["GET"]}}],"collection":[{"href":"https:\/\/melissi.com\/de\/wp-json\/wp\/v2\/pages"}],"about":[{"href":"https:\/\/melissi.com\/de\/wp-json\/wp\/v2\/types\/page"}],"author":[{"embeddable":true,"href":"https:\/\/melissi.com\/de\/wp-json\/wp\/v2\/users\/2"}],"replies":[{"embeddable":true,"href":"https:\/\/melissi.com\/de\/wp-json\/wp\/v2\/comments?post=2788"}],"version-history":[{"count":33,"href":"https:\/\/melissi.com\/de\/wp-json\/wp\/v2\/pages\/2788\/revisions"}],"predecessor-version":[{"id":9191,"href":"https:\/\/melissi.com\/de\/wp-json\/wp\/v2\/pages\/2788\/revisions\/9191"}],"wp:attachment":[{"href":"https:\/\/melissi.com\/de\/wp-json\/wp\/v2\/media?parent=2788"}],"curies":[{"name":"wp","href":"https:\/\/api.w.org\/{rel}","templated":true}]}}