{"id":1583,"date":"2019-10-18T13:35:10","date_gmt":"2019-10-18T13:35:10","guid":{"rendered":"https:\/\/melissi.com\/location\/"},"modified":"2020-07-08T14:36:39","modified_gmt":"2020-07-08T11:36:39","slug":"lage","status":"publish","type":"page","link":"https:\/\/melissi.com\/de\/lage\/","title":{"rendered":"Lage"},"content":{"rendered":"\t\t<div data-elementor-type=\"wp-page\" data-elementor-id=\"1583\" class=\"elementor elementor-1583 elementor-463\" data-elementor-post-type=\"page\">\n\t\t\t\t\t\t<section class=\"elementor-section elementor-top-section elementor-element elementor-element-674834f4 elementor-section-height-min-height elementor-section-items-bottom elementor-section-boxed elementor-section-height-default\" data-id=\"674834f4\" data-element_type=\"section\" data-e-type=\"section\" data-settings=\"{&quot;background_background&quot;:&quot;classic&quot;}\">\n\t\t\t\t\t\t\t<div class=\"elementor-background-overlay\"><\/div>\n\t\t\t\t\t\t\t<div class=\"elementor-container elementor-column-gap-no\">\n\t\t\t\t\t<div class=\"elementor-column elementor-col-100 elementor-top-column elementor-element elementor-element-6ffa56aa\" data-id=\"6ffa56aa\" data-element_type=\"column\" data-e-type=\"column\">\n\t\t\t<div class=\"elementor-widget-wrap elementor-element-populated\">\n\t\t\t\t\t\t<div class=\"elementor-element elementor-element-4990fe51 elementor-widget elementor-widget-heading\" data-id=\"4990fe51\" data-element_type=\"widget\" data-e-type=\"widget\" data-widget_type=\"heading.default\">\n\t\t\t\t<div class=\"elementor-widget-container\">\n\t\t\t\t\t<h1 class=\"elementor-heading-title elementor-size-xxl\">Lage<\/h1>\t\t\t\t<\/div>\n\t\t\t\t<\/div>\n\t\t\t\t<div class=\"elementor-element elementor-element-4ba0d805 elementor-widget elementor-widget-heading\" data-id=\"4ba0d805\" data-element_type=\"widget\" data-e-type=\"widget\" data-widget_type=\"heading.default\">\n\t\t\t\t<div class=\"elementor-widget-container\">\n\t\t\t\t\t<p class=\"elementor-heading-title elementor-size-default\">...Sie mit Gelassenheit verlassen<\/p>\t\t\t\t<\/div>\n\t\t\t\t<\/div>\n\t\t\t\t<div class=\"elementor-element elementor-element-4f5bfcb5 elementor-widget elementor-widget-spacer\" data-id=\"4f5bfcb5\" data-element_type=\"widget\" data-e-type=\"widget\" data-widget_type=\"spacer.default\">\n\t\t\t\t<div class=\"elementor-widget-container\">\n\t\t\t\t\t\t\t<div class=\"elementor-spacer\">\n\t\t\t<div class=\"elementor-spacer-inner\"><\/div>\n\t\t<\/div>\n\t\t\t\t\t\t<\/div>\n\t\t\t\t<\/div>\n\t\t\t\t\t<\/div>\n\t\t<\/div>\n\t\t\t\t\t<\/div>\n\t\t<\/section>\n\t\t\t\t<section class=\"elementor-section elementor-top-section elementor-element elementor-element-1d912787 elementor-section-full_width elementor-section-content-middle elementor-section-height-default elementor-section-height-default\" data-id=\"1d912787\" data-element_type=\"section\" data-e-type=\"section\" data-settings=\"{&quot;background_background&quot;:&quot;classic&quot;}\">\n\t\t\t\t\t\t<div class=\"elementor-container elementor-column-gap-default\">\n\t\t\t\t\t<div class=\"elementor-column elementor-col-50 elementor-top-column elementor-element elementor-element-5b902d97\" data-id=\"5b902d97\" data-element_type=\"column\" data-e-type=\"column\" data-settings=\"{&quot;background_background&quot;:&quot;classic&quot;}\">\n\t\t\t<div class=\"elementor-widget-wrap elementor-element-populated\">\n\t\t\t\t\t\t<div class=\"elementor-element elementor-element-3427bfb elementor-widget elementor-widget-spacer\" data-id=\"3427bfb\" data-element_type=\"widget\" data-e-type=\"widget\" data-widget_type=\"spacer.default\">\n\t\t\t\t<div class=\"elementor-widget-container\">\n\t\t\t\t\t\t\t<div class=\"elementor-spacer\">\n\t\t\t<div class=\"elementor-spacer-inner\"><\/div>\n\t\t<\/div>\n\t\t\t\t\t\t<\/div>\n\t\t\t\t<\/div>\n\t\t\t\t\t<\/div>\n\t\t<\/div>\n\t\t\t\t<div class=\"elementor-column elementor-col-50 elementor-top-column elementor-element elementor-element-42bf247c\" data-id=\"42bf247c\" data-element_type=\"column\" data-e-type=\"column\">\n\t\t\t<div class=\"elementor-widget-wrap elementor-element-populated\">\n\t\t\t\t\t\t<section class=\"elementor-section elementor-inner-section elementor-element elementor-element-427e9a54 elementor-section-boxed elementor-section-height-default elementor-section-height-default\" data-id=\"427e9a54\" data-element_type=\"section\" data-e-type=\"section\" data-settings=\"{&quot;background_background&quot;:&quot;classic&quot;}\">\n\t\t\t\t\t\t<div class=\"elementor-container elementor-column-gap-default\">\n\t\t\t\t\t<div class=\"elementor-column elementor-col-100 elementor-inner-column elementor-element elementor-element-20a00499\" data-id=\"20a00499\" data-element_type=\"column\" data-e-type=\"column\">\n\t\t\t<div class=\"elementor-widget-wrap elementor-element-populated\">\n\t\t\t\t\t\t<div class=\"elementor-element elementor-element-1a63e69c elementor-widget elementor-widget-heading\" data-id=\"1a63e69c\" data-element_type=\"widget\" data-e-type=\"widget\" data-widget_type=\"heading.default\">\n\t\t\t\t<div class=\"elementor-widget-container\">\n\t\t\t\t\t<h3 class=\"elementor-heading-title elementor-size-xl\">Ayia Napa<\/h3>\t\t\t\t<\/div>\n\t\t\t\t<\/div>\n\t\t\t\t<div class=\"elementor-element elementor-element-74eb67e0 elementor-widget-divider--view-line elementor-widget elementor-widget-divider\" data-id=\"74eb67e0\" data-element_type=\"widget\" data-e-type=\"widget\" data-widget_type=\"divider.default\">\n\t\t\t\t<div class=\"elementor-widget-container\">\n\t\t\t\t\t\t\t<div class=\"elementor-divider\">\n\t\t\t<span class=\"elementor-divider-separator\">\n\t\t\t\t\t\t<\/span>\n\t\t<\/div>\n\t\t\t\t\t\t<\/div>\n\t\t\t\t<\/div>\n\t\t\t\t<div class=\"elementor-element elementor-element-7bc72ee5 elementor-widget elementor-widget-text-editor\" data-id=\"7bc72ee5\" data-element_type=\"widget\" data-e-type=\"widget\" data-widget_type=\"text-editor.default\">\n\t\t\t\t<div class=\"elementor-widget-container\">\n\t\t\t\t\t\t\t\t\t<p>Der bekannteste Touristenort Zyperns verbindet Entspannung mit Unterhaltung. Mit wundersch\u00f6nen Str\u00e4nden, die mit der \u00abBlauen Flagge\u00bb ausgezeichnet sind, hochwertigen Unterk\u00fcnften und Einrichtungen, lokalen Tavernen und Restaurant und einem pulsierenden Nachtleben ist dieses Resort eine beliebte Wahl f\u00fcr Familien, Freunde und Paare aller Altersgruppen und Interessen.<\/p><p>Nur 45 Fahrminuten vom Larnaca Flughafen entfernt und relativ kurzen Distanzen zu allen anderen St\u00e4dten ist Ayia Napa der ideale Ausgangpunkt um die ganze Insel Zyperns zu erkunden.<\/p>\t\t\t\t\t\t\t\t<\/div>\n\t\t\t\t<\/div>\n\t\t\t\t\t<\/div>\n\t\t<\/div>\n\t\t\t\t\t<\/div>\n\t\t<\/section>\n\t\t\t\t\t<\/div>\n\t\t<\/div>\n\t\t\t\t\t<\/div>\n\t\t<\/section>\n\t\t\t\t<section class=\"elementor-section elementor-top-section elementor-element elementor-element-7d1974a5 elementor-section-full_width elementor-section-content-middle elementor-reverse-mobile elementor-section-height-default elementor-section-height-default\" data-id=\"7d1974a5\" data-element_type=\"section\" data-e-type=\"section\" data-settings=\"{&quot;background_background&quot;:&quot;classic&quot;}\">\n\t\t\t\t\t\t<div class=\"elementor-container elementor-column-gap-default\">\n\t\t\t\t\t<div class=\"elementor-column elementor-col-50 elementor-top-column elementor-element elementor-element-7fbcd4ce\" data-id=\"7fbcd4ce\" data-element_type=\"column\" data-e-type=\"column\">\n\t\t\t<div class=\"elementor-widget-wrap elementor-element-populated\">\n\t\t\t\t\t\t<section class=\"elementor-section elementor-inner-section elementor-element elementor-element-41f92ed5 elementor-section-boxed elementor-section-height-default elementor-section-height-default\" data-id=\"41f92ed5\" data-element_type=\"section\" data-e-type=\"section\" data-settings=\"{&quot;background_background&quot;:&quot;classic&quot;}\">\n\t\t\t\t\t\t<div class=\"elementor-container elementor-column-gap-default\">\n\t\t\t\t\t<div class=\"elementor-column elementor-col-100 elementor-inner-column elementor-element elementor-element-3db0faa6\" data-id=\"3db0faa6\" data-element_type=\"column\" data-e-type=\"column\">\n\t\t\t<div class=\"elementor-widget-wrap elementor-element-populated\">\n\t\t\t\t\t\t<div class=\"elementor-element elementor-element-3ab05c08 elementor-widget elementor-widget-heading\" data-id=\"3ab05c08\" data-element_type=\"widget\" data-e-type=\"widget\" data-widget_type=\"heading.default\">\n\t\t\t\t<div class=\"elementor-widget-container\">\n\t\t\t\t\t<h3 class=\"elementor-heading-title elementor-size-xl\">Zypern<\/h3>\t\t\t\t<\/div>\n\t\t\t\t<\/div>\n\t\t\t\t<div class=\"elementor-element elementor-element-1651434a elementor-widget-divider--view-line elementor-widget elementor-widget-divider\" data-id=\"1651434a\" data-element_type=\"widget\" data-e-type=\"widget\" data-widget_type=\"divider.default\">\n\t\t\t\t<div class=\"elementor-widget-container\">\n\t\t\t\t\t\t\t<div class=\"elementor-divider\">\n\t\t\t<span class=\"elementor-divider-separator\">\n\t\t\t\t\t\t<\/span>\n\t\t<\/div>\n\t\t\t\t\t\t<\/div>\n\t\t\t\t<\/div>\n\t\t\t\t<div class=\"elementor-element elementor-element-7aa903fd elementor-widget elementor-widget-text-editor\" data-id=\"7aa903fd\" data-element_type=\"widget\" data-e-type=\"widget\" data-widget_type=\"text-editor.default\">\n\t\t\t\t<div class=\"elementor-widget-container\">\n\t\t\t\t\t\t\t\t\t<p>Als eine Mittelmeerinsel im Kreuz von drei verschiedenen Kontinenten ist Zypern ein ideales Reiseziel und bietet eine Kombination aus einladenden Str\u00e4nden, atemberaubender Landschaft, reicher Kultur und Geschichte sowie einer Vielzahl spannender Aktivit\u00e4ten. Mit fast ganzj\u00e4hrig klarem Himmel und Sonnenschein dient die Insel zu jeder Jahreszeit als Zufluchtsort, egal ob f\u00fcr Freizeit-, Erholungs- oder Gesch\u00e4ftszwecke.<\/p><p>Egal welche Interessen jemand verfolgt, Zypern erleben heisst f\u00fcr alle etwas zum Geniessen und zum Entdecken.<\/p>\t\t\t\t\t\t\t\t<\/div>\n\t\t\t\t<\/div>\n\t\t\t\t\t<\/div>\n\t\t<\/div>\n\t\t\t\t\t<\/div>\n\t\t<\/section>\n\t\t\t\t\t<\/div>\n\t\t<\/div>\n\t\t\t\t<div class=\"elementor-column elementor-col-50 elementor-top-column elementor-element elementor-element-2c62470\" data-id=\"2c62470\" data-element_type=\"column\" data-e-type=\"column\" data-settings=\"{&quot;background_background&quot;:&quot;classic&quot;}\">\n\t\t\t<div class=\"elementor-widget-wrap elementor-element-populated\">\n\t\t\t\t\t\t<div class=\"elementor-element elementor-element-7f961fc4 elementor-widget elementor-widget-spacer\" data-id=\"7f961fc4\" data-element_type=\"widget\" data-e-type=\"widget\" data-widget_type=\"spacer.default\">\n\t\t\t\t<div class=\"elementor-widget-container\">\n\t\t\t\t\t\t\t<div class=\"elementor-spacer\">\n\t\t\t<div class=\"elementor-spacer-inner\"><\/div>\n\t\t<\/div>\n\t\t\t\t\t\t<\/div>\n\t\t\t\t<\/div>\n\t\t\t\t\t<\/div>\n\t\t<\/div>\n\t\t\t\t\t<\/div>\n\t\t<\/section>\n\t\t\t\t<section class=\"elementor-section elementor-top-section elementor-element elementor-element-1accbf5 elementor-section-full_width elementor-section-height-default elementor-section-height-default\" data-id=\"1accbf5\" data-element_type=\"section\" data-e-type=\"section\">\n\t\t\t\t\t\t<div class=\"elementor-container elementor-column-gap-no\">\n\t\t\t\t\t<div class=\"elementor-column elementor-col-100 elementor-top-column elementor-element elementor-element-24a41a3\" data-id=\"24a41a3\" data-element_type=\"column\" data-e-type=\"column\">\n\t\t\t<div class=\"elementor-widget-wrap elementor-element-populated\">\n\t\t\t\t\t\t<div class=\"elementor-element elementor-element-9581f0a elementor-widget elementor-widget-ep_styled_maps\" data-id=\"9581f0a\" data-element_type=\"widget\" data-e-type=\"widget\" data-widget_type=\"ep_styled_maps.default\">\n\t\t\t\t<div class=\"elementor-widget-container\">\n\t\t\t\t\t\t\t\t<div\n\t\t\t\tid=\"map-9581f0a\"\n\t\t\t\tstyle=\"width:100%;height:600px;background-color: grey;\"\n\t\t\t\tdata-latitude=\"34.9854901\"\n\t\t\t\tdata-longitude=\"34.0094843\"\n\t\t\t\tdata-zoom=\"14\"\n\t\t\t\tdata-style=\"[{&quot;featureType&quot;:&quot;landscape&quot;,&quot;stylers&quot;:[{&quot;hue&quot;:&quot;#FFBB00&quot;},{&quot;saturation&quot;:43.400000000000006},{&quot;lightness&quot;:37.599999999999994},{&quot;gamma&quot;:1}]},{&quot;featureType&quot;:&quot;road.highway&quot;,&quot;stylers&quot;:[{&quot;hue&quot;:&quot;#FFC200&quot;},{&quot;saturation&quot;:-61.8},{&quot;lightness&quot;:45.599999999999994},{&quot;gamma&quot;:1}]},{&quot;featureType&quot;:&quot;road.arterial&quot;,&quot;stylers&quot;:[{&quot;hue&quot;:&quot;#FF0300&quot;},{&quot;saturation&quot;:-100},{&quot;lightness&quot;:51.19999999999999},{&quot;gamma&quot;:1}]},{&quot;featureType&quot;:&quot;road.local&quot;,&quot;stylers&quot;:[{&quot;hue&quot;:&quot;#FF0300&quot;},{&quot;saturation&quot;:-100},{&quot;lightness&quot;:52},{&quot;gamma&quot;:1}]},{&quot;featureType&quot;:&quot;water&quot;,&quot;stylers&quot;:[{&quot;hue&quot;:&quot;#0078FF&quot;},{&quot;saturation&quot;:-13.200000000000003},{&quot;lightness&quot;:2.4000000000000057},{&quot;gamma&quot;:1}]},{&quot;featureType&quot;:&quot;poi&quot;,&quot;stylers&quot;:[{&quot;hue&quot;:&quot;#00FF6A&quot;},{&quot;saturation&quot;:-1.0989010989011234},{&quot;lightness&quot;:11.200000000000017},{&quot;gamma&quot;:1}]}]\"\n\t\t\t\tdata-scroll=\"false\"\n\t\t\t\tdata-icon=\"https:\/\/melissi.com\/wp-content\/uploads\/2019\/10\/location-pin.png\"\n\t\t\t\tdata-info=\"\"\n\t\t\t\tdata-error=\"&lt;p style=&quot;text-align: center&quot;&gt;If you can&#039;t see the map please try adding a map API key under Elementor &gt; Elements Plus .&lt;\/p&gt;\"><\/div>\n\t\t\t<script>\n\t\t\t\tjQuery(document).ready(function(){\n\t\t\t\t\tjQuery(document).trigger('elementor\/render\/ep_styled_maps','#map-9581f0a');\n\t\t\t\t});\n\t\t\t<\/script>\n\t\t\t\t\t\t<\/div>\n\t\t\t\t<\/div>\n\t\t\t\t\t<\/div>\n\t\t<\/div>\n\t\t\t\t\t<\/div>\n\t\t<\/section>\n\t\t\t\t<\/div>\n\t\t","protected":false},"excerpt":{"rendered":"<p>Lage &#8230;Sie mit Gelassenheit verlassen Ayia Napa Der bekannteste Touristenort Zyperns verbindet Entspannung mit Unterhaltung. Mit wundersch\u00f6nen Str\u00e4nden, die mit der \u00abBlauen Flagge\u00bb ausgezeichnet sind, hochwertigen Unterk\u00fcnften und Einrichtungen, lokalen Tavernen und Restaurant und einem pulsierenden Nachtleben ist dieses Resort eine beliebte Wahl f\u00fcr Familien, Freunde und Paare aller Altersgruppen und Interessen. Nur 45 Fahrminuten [&hellip;]<\/p>\n","protected":false},"author":5,"featured_media":0,"parent":0,"menu_order":0,"comment_status":"closed","ping_status":"closed","template":"","meta":{"_acf_changed":false,"footnotes":""},"class_list":["post-1583","page","type-page","status-publish","hentry"],"acf":[],"yoast_head":"<!-- This site is optimized with the Yoast SEO plugin v27.3 - https:\/\/yoast.com\/product\/yoast-seo-wordpress\/ -->\n<title>Melissi Beach Hotel &amp; Spa, Ayia Napa, Cyprus | Lage<\/title>\n<meta name=\"description\" content=\"Der bekannteste Touristenort Zyperns verbindet Entspannung mit Unterhaltung. Mit wundersch\u00f6nen Str\u00e4nden, die mit der \u00abBlauen Flagge\u00bb ausgezeichnet sind\" \/>\n<meta name=\"robots\" content=\"index, follow, max-snippet:-1, max-image-preview:large, max-video-preview:-1\" \/>\n<link rel=\"canonical\" href=\"https:\/\/melissi.com\/de\/lage\/\" \/>\n<meta property=\"og:locale\" content=\"de_DE\" \/>\n<meta property=\"og:type\" content=\"article\" \/>\n<meta property=\"og:title\" content=\"Melissi Beach Hotel &amp; Spa, Ayia Napa, Cyprus | Lage\" \/>\n<meta property=\"og:description\" content=\"Der bekannteste Touristenort Zyperns verbindet Entspannung mit Unterhaltung. Mit wundersch\u00f6nen Str\u00e4nden, die mit der \u00abBlauen Flagge\u00bb ausgezeichnet sind\" \/>\n<meta property=\"og:url\" content=\"https:\/\/melissi.com\/de\/lage\/\" \/>\n<meta property=\"og:site_name\" content=\"Melissi\" \/>\n<meta property=\"article:publisher\" content=\"https:\/\/www.facebook.com\/melissi.beach.hotel\" \/>\n<meta property=\"article:modified_time\" content=\"2020-07-08T11:36:39+00:00\" \/>\n<meta name=\"twitter:card\" content=\"summary_large_image\" \/>\n<meta name=\"twitter:site\" content=\"@MelissiHotel\" \/>\n<meta name=\"twitter:label1\" content=\"Gesch\u00e4tzte Lesezeit\" \/>\n\t<meta name=\"twitter:data1\" content=\"1\u00a0Minute\" \/>\n<script type=\"application\/ld+json\" class=\"yoast-schema-graph\">{\"@context\":\"https:\\\/\\\/schema.org\",\"@graph\":[{\"@type\":\"WebPage\",\"@id\":\"https:\\\/\\\/melissi.com\\\/de\\\/lage\\\/\",\"url\":\"https:\\\/\\\/melissi.com\\\/de\\\/lage\\\/\",\"name\":\"Melissi Beach Hotel & Spa, Ayia Napa, Cyprus | Lage\",\"isPartOf\":{\"@id\":\"https:\\\/\\\/melissi.com\\\/#website\"},\"datePublished\":\"2019-10-18T13:35:10+00:00\",\"dateModified\":\"2020-07-08T11:36:39+00:00\",\"description\":\"Der bekannteste Touristenort Zyperns verbindet Entspannung mit Unterhaltung. Mit wundersch\u00f6nen Str\u00e4nden, die mit der \u00abBlauen Flagge\u00bb ausgezeichnet sind\",\"breadcrumb\":{\"@id\":\"https:\\\/\\\/melissi.com\\\/de\\\/lage\\\/#breadcrumb\"},\"inLanguage\":\"de\",\"potentialAction\":[{\"@type\":\"ReadAction\",\"target\":[\"https:\\\/\\\/melissi.com\\\/de\\\/lage\\\/\"]}]},{\"@type\":\"BreadcrumbList\",\"@id\":\"https:\\\/\\\/melissi.com\\\/de\\\/lage\\\/#breadcrumb\",\"itemListElement\":[{\"@type\":\"ListItem\",\"position\":1,\"name\":\"Home\",\"item\":\"https:\\\/\\\/melissi.com\\\/ru\\\/\"},{\"@type\":\"ListItem\",\"position\":2,\"name\":\"Lage\"}]},{\"@type\":\"WebSite\",\"@id\":\"https:\\\/\\\/melissi.com\\\/#website\",\"url\":\"https:\\\/\\\/melissi.com\\\/\",\"name\":\"Melissi\",\"description\":\"Escape from it all\",\"publisher\":{\"@id\":\"https:\\\/\\\/melissi.com\\\/#organization\"},\"potentialAction\":[{\"@type\":\"SearchAction\",\"target\":{\"@type\":\"EntryPoint\",\"urlTemplate\":\"https:\\\/\\\/melissi.com\\\/?s={search_term_string}\"},\"query-input\":{\"@type\":\"PropertyValueSpecification\",\"valueRequired\":true,\"valueName\":\"search_term_string\"}}],\"inLanguage\":\"de\"},{\"@type\":\"Organization\",\"@id\":\"https:\\\/\\\/melissi.com\\\/#organization\",\"name\":\"Melissi Beach Hotel & Spa\",\"url\":\"https:\\\/\\\/melissi.com\\\/\",\"logo\":{\"@type\":\"ImageObject\",\"inLanguage\":\"de\",\"@id\":\"https:\\\/\\\/melissi.com\\\/#\\\/schema\\\/logo\\\/image\\\/\",\"url\":\"https:\\\/\\\/melissi.com\\\/wp-content\\\/uploads\\\/2019\\\/10\\\/logo-600px.png\",\"contentUrl\":\"https:\\\/\\\/melissi.com\\\/wp-content\\\/uploads\\\/2019\\\/10\\\/logo-600px.png\",\"width\":600,\"height\":608,\"caption\":\"Melissi Beach Hotel & Spa\"},\"image\":{\"@id\":\"https:\\\/\\\/melissi.com\\\/#\\\/schema\\\/logo\\\/image\\\/\"},\"sameAs\":[\"https:\\\/\\\/www.facebook.com\\\/melissi.beach.hotel\",\"https:\\\/\\\/x.com\\\/MelissiHotel\",\"https:\\\/\\\/www.instagram.com\\\/melissibeachhotel\\\/\",\"https:\\\/\\\/www.youtube.com\\\/channel\\\/UCmfGZBaGmRhez-ZLVsY1RCg\"]}]}<\/script>\n<!-- \/ Yoast SEO plugin. -->","yoast_head_json":{"title":"Melissi Beach Hotel & Spa, Ayia Napa, Cyprus | Lage","description":"Der bekannteste Touristenort Zyperns verbindet Entspannung mit Unterhaltung. Mit wundersch\u00f6nen Str\u00e4nden, die mit der \u00abBlauen Flagge\u00bb ausgezeichnet sind","robots":{"index":"index","follow":"follow","max-snippet":"max-snippet:-1","max-image-preview":"max-image-preview:large","max-video-preview":"max-video-preview:-1"},"canonical":"https:\/\/melissi.com\/de\/lage\/","og_locale":"de_DE","og_type":"article","og_title":"Melissi Beach Hotel & Spa, Ayia Napa, Cyprus | Lage","og_description":"Der bekannteste Touristenort Zyperns verbindet Entspannung mit Unterhaltung. Mit wundersch\u00f6nen Str\u00e4nden, die mit der \u00abBlauen Flagge\u00bb ausgezeichnet sind","og_url":"https:\/\/melissi.com\/de\/lage\/","og_site_name":"Melissi","article_publisher":"https:\/\/www.facebook.com\/melissi.beach.hotel","article_modified_time":"2020-07-08T11:36:39+00:00","twitter_card":"summary_large_image","twitter_site":"@MelissiHotel","twitter_misc":{"Gesch\u00e4tzte Lesezeit":"1\u00a0Minute"},"schema":{"@context":"https:\/\/schema.org","@graph":[{"@type":"WebPage","@id":"https:\/\/melissi.com\/de\/lage\/","url":"https:\/\/melissi.com\/de\/lage\/","name":"Melissi Beach Hotel & Spa, Ayia Napa, Cyprus | Lage","isPartOf":{"@id":"https:\/\/melissi.com\/#website"},"datePublished":"2019-10-18T13:35:10+00:00","dateModified":"2020-07-08T11:36:39+00:00","description":"Der bekannteste Touristenort Zyperns verbindet Entspannung mit Unterhaltung. Mit wundersch\u00f6nen Str\u00e4nden, die mit der \u00abBlauen Flagge\u00bb ausgezeichnet sind","breadcrumb":{"@id":"https:\/\/melissi.com\/de\/lage\/#breadcrumb"},"inLanguage":"de","potentialAction":[{"@type":"ReadAction","target":["https:\/\/melissi.com\/de\/lage\/"]}]},{"@type":"BreadcrumbList","@id":"https:\/\/melissi.com\/de\/lage\/#breadcrumb","itemListElement":[{"@type":"ListItem","position":1,"name":"Home","item":"https:\/\/melissi.com\/ru\/"},{"@type":"ListItem","position":2,"name":"Lage"}]},{"@type":"WebSite","@id":"https:\/\/melissi.com\/#website","url":"https:\/\/melissi.com\/","name":"Melissi","description":"Escape from it all","publisher":{"@id":"https:\/\/melissi.com\/#organization"},"potentialAction":[{"@type":"SearchAction","target":{"@type":"EntryPoint","urlTemplate":"https:\/\/melissi.com\/?s={search_term_string}"},"query-input":{"@type":"PropertyValueSpecification","valueRequired":true,"valueName":"search_term_string"}}],"inLanguage":"de"},{"@type":"Organization","@id":"https:\/\/melissi.com\/#organization","name":"Melissi Beach Hotel & Spa","url":"https:\/\/melissi.com\/","logo":{"@type":"ImageObject","inLanguage":"de","@id":"https:\/\/melissi.com\/#\/schema\/logo\/image\/","url":"https:\/\/melissi.com\/wp-content\/uploads\/2019\/10\/logo-600px.png","contentUrl":"https:\/\/melissi.com\/wp-content\/uploads\/2019\/10\/logo-600px.png","width":600,"height":608,"caption":"Melissi Beach Hotel & Spa"},"image":{"@id":"https:\/\/melissi.com\/#\/schema\/logo\/image\/"},"sameAs":["https:\/\/www.facebook.com\/melissi.beach.hotel","https:\/\/x.com\/MelissiHotel","https:\/\/www.instagram.com\/melissibeachhotel\/","https:\/\/www.youtube.com\/channel\/UCmfGZBaGmRhez-ZLVsY1RCg"]}]}},"_links":{"self":[{"href":"https:\/\/melissi.com\/de\/wp-json\/wp\/v2\/pages\/1583","targetHints":{"allow":["GET"]}}],"collection":[{"href":"https:\/\/melissi.com\/de\/wp-json\/wp\/v2\/pages"}],"about":[{"href":"https:\/\/melissi.com\/de\/wp-json\/wp\/v2\/types\/page"}],"author":[{"embeddable":true,"href":"https:\/\/melissi.com\/de\/wp-json\/wp\/v2\/users\/5"}],"replies":[{"embeddable":true,"href":"https:\/\/melissi.com\/de\/wp-json\/wp\/v2\/comments?post=1583"}],"version-history":[{"count":0,"href":"https:\/\/melissi.com\/de\/wp-json\/wp\/v2\/pages\/1583\/revisions"}],"wp:attachment":[{"href":"https:\/\/melissi.com\/de\/wp-json\/wp\/v2\/media?parent=1583"}],"curies":[{"name":"wp","href":"https:\/\/api.w.org\/{rel}","templated":true}]}}