{"id":1507,"date":"2019-10-30T15:17:01","date_gmt":"2019-10-30T15:17:01","guid":{"rendered":"https:\/\/melissi.com\/meetings\/"},"modified":"2020-07-08T14:35:44","modified_gmt":"2020-07-08T11:35:44","slug":"konferenzen","status":"publish","type":"page","link":"https:\/\/melissi.com\/de\/konferenzen\/","title":{"rendered":"Konferenzen"},"content":{"rendered":"\t\t<div data-elementor-type=\"wp-page\" data-elementor-id=\"1507\" class=\"elementor elementor-1507 elementor-569\" data-elementor-post-type=\"page\">\n\t\t\t\t\t\t<section class=\"elementor-section elementor-top-section elementor-element elementor-element-4e14a2a elementor-section-height-min-height elementor-section-items-bottom elementor-section-boxed elementor-section-height-default\" data-id=\"4e14a2a\" data-element_type=\"section\" data-e-type=\"section\" data-settings=\"{&quot;background_background&quot;:&quot;classic&quot;}\">\n\t\t\t\t\t\t\t<div class=\"elementor-background-overlay\"><\/div>\n\t\t\t\t\t\t\t<div class=\"elementor-container elementor-column-gap-no\">\n\t\t\t\t\t<div class=\"elementor-column elementor-col-100 elementor-top-column elementor-element elementor-element-1a54f4f9\" data-id=\"1a54f4f9\" data-element_type=\"column\" data-e-type=\"column\">\n\t\t\t<div class=\"elementor-widget-wrap elementor-element-populated\">\n\t\t\t\t\t\t<div class=\"elementor-element elementor-element-32cd41ce elementor-widget elementor-widget-heading\" data-id=\"32cd41ce\" data-element_type=\"widget\" data-e-type=\"widget\" data-widget_type=\"heading.default\">\n\t\t\t\t<div class=\"elementor-widget-container\">\n\t\t\t\t\t<h1 class=\"elementor-heading-title elementor-size-xxl\">Konferenzen<\/h1>\t\t\t\t<\/div>\n\t\t\t\t<\/div>\n\t\t\t\t<div class=\"elementor-element elementor-element-8b9bcc2 elementor-widget elementor-widget-heading\" data-id=\"8b9bcc2\" data-element_type=\"widget\" data-e-type=\"widget\" data-widget_type=\"heading.default\">\n\t\t\t\t<div class=\"elementor-widget-container\">\n\t\t\t\t\t<p class=\"elementor-heading-title elementor-size-default\">Wir k\u00fcmmern uns um Ihren speziellen Tag <\/p>\t\t\t\t<\/div>\n\t\t\t\t<\/div>\n\t\t\t\t<div class=\"elementor-element elementor-element-12864fcc elementor-widget elementor-widget-spacer\" data-id=\"12864fcc\" data-element_type=\"widget\" data-e-type=\"widget\" data-widget_type=\"spacer.default\">\n\t\t\t\t<div class=\"elementor-widget-container\">\n\t\t\t\t\t\t\t<div class=\"elementor-spacer\">\n\t\t\t<div class=\"elementor-spacer-inner\"><\/div>\n\t\t<\/div>\n\t\t\t\t\t\t<\/div>\n\t\t\t\t<\/div>\n\t\t\t\t\t<\/div>\n\t\t<\/div>\n\t\t\t\t\t<\/div>\n\t\t<\/section>\n\t\t\t\t<section class=\"elementor-section elementor-top-section elementor-element elementor-element-57739ecd elementor-section-content-middle elementor-section-boxed elementor-section-height-default elementor-section-height-default\" data-id=\"57739ecd\" data-element_type=\"section\" data-e-type=\"section\">\n\t\t\t\t\t\t<div class=\"elementor-container elementor-column-gap-default\">\n\t\t\t\t\t<div class=\"elementor-column elementor-col-50 elementor-top-column elementor-element elementor-element-6a5b918d elementor-hidden-phone\" data-id=\"6a5b918d\" data-element_type=\"column\" data-e-type=\"column\">\n\t\t\t<div class=\"elementor-widget-wrap elementor-element-populated\">\n\t\t\t\t\t\t<div class=\"elementor-element elementor-element-12705dd5 elementor-widget elementor-widget-image\" data-id=\"12705dd5\" data-element_type=\"widget\" data-e-type=\"widget\" data-widget_type=\"image.default\">\n\t\t\t\t<div class=\"elementor-widget-container\">\n\t\t\t\t\t\t\t\t\t\t\t\t\t\t\t<img decoding=\"async\" src=\"https:\/\/melissi.com\/wp-content\/uploads\/2020\/01\/SPY_8156.jpg\" title=\"\" alt=\"\" loading=\"lazy\" \/>\t\t\t\t\t\t\t\t\t\t\t\t\t\t\t<\/div>\n\t\t\t\t<\/div>\n\t\t\t\t\t<\/div>\n\t\t<\/div>\n\t\t\t\t<div class=\"elementor-column elementor-col-50 elementor-top-column elementor-element elementor-element-8636c72\" data-id=\"8636c72\" data-element_type=\"column\" data-e-type=\"column\">\n\t\t\t<div class=\"elementor-widget-wrap elementor-element-populated\">\n\t\t\t\t\t\t<div class=\"elementor-element elementor-element-11e08e1f elementor-widget elementor-widget-heading\" data-id=\"11e08e1f\" data-element_type=\"widget\" data-e-type=\"widget\" data-widget_type=\"heading.default\">\n\t\t\t\t<div class=\"elementor-widget-container\">\n\t\t\t\t\t<h3 class=\"elementor-heading-title elementor-size-xl\">Planen Sie ihren Event <\/h3>\t\t\t\t<\/div>\n\t\t\t\t<\/div>\n\t\t\t\t<div class=\"elementor-element elementor-element-117327ef elementor-widget-divider--view-line elementor-widget elementor-widget-divider\" data-id=\"117327ef\" data-element_type=\"widget\" data-e-type=\"widget\" data-widget_type=\"divider.default\">\n\t\t\t\t<div class=\"elementor-widget-container\">\n\t\t\t\t\t\t\t<div class=\"elementor-divider\">\n\t\t\t<span class=\"elementor-divider-separator\">\n\t\t\t\t\t\t<\/span>\n\t\t<\/div>\n\t\t\t\t\t\t<\/div>\n\t\t\t\t<\/div>\n\t\t\t\t<div class=\"elementor-element elementor-element-7dfc9202 elementor-widget elementor-widget-text-editor\" data-id=\"7dfc9202\" data-element_type=\"widget\" data-e-type=\"widget\" data-widget_type=\"text-editor.default\">\n\t\t\t\t<div class=\"elementor-widget-container\">\n\t\t\t\t\t\t\t\t\t<p>Das Melissi Beach Hotel bietet eine malerische Kulisse f\u00fcr Firmenveranstaltungen und Konferenzen. Das Hotel verf\u00fcgt \u00fcber hochmoderne Einrichtungen, eine inspirierende Umgebung und bezaubernden Essens m\u00f6glichkeiten. F\u00fchren Sie Ihre Veranstaltung in einem von unseren zwei Konferenzr\u00e4umen durch, in denen bis zu 90 G\u00e4ste mit modernster Technologie und audiovisueller Ausstattung Platz finden.<\/p>\t\t\t\t\t\t\t\t<\/div>\n\t\t\t\t<\/div>\n\t\t\t\t<div class=\"elementor-element elementor-element-a6fc1c3 elementor-align-left elementor-widget elementor-widget-button\" data-id=\"a6fc1c3\" data-element_type=\"widget\" data-e-type=\"widget\" data-widget_type=\"button.default\">\n\t\t\t\t<div class=\"elementor-widget-container\">\n\t\t\t\t\t\t\t\t\t<div class=\"elementor-button-wrapper\">\n\t\t\t\t\t<a class=\"elementor-button elementor-button-link elementor-size-sm\" href=\"https:\/\/melissi.com\/de\/kontaktinformation\/\">\n\t\t\t\t\t\t<span class=\"elementor-button-content-wrapper\">\n\t\t\t\t\t\t\t\t\t<span class=\"elementor-button-text\">planen Sie ihren Event <\/span>\n\t\t\t\t\t<\/span>\n\t\t\t\t\t<\/a>\n\t\t\t\t<\/div>\n\t\t\t\t\t\t\t\t<\/div>\n\t\t\t\t<\/div>\n\t\t\t\t\t<\/div>\n\t\t<\/div>\n\t\t\t\t\t<\/div>\n\t\t<\/section>\n\t\t\t\t<\/div>\n\t\t","protected":false},"excerpt":{"rendered":"<p>Konferenzen Wir k\u00fcmmern uns um Ihren speziellen Tag Planen Sie ihren Event Das Melissi Beach Hotel bietet eine malerische Kulisse f\u00fcr Firmenveranstaltungen und Konferenzen. Das Hotel verf\u00fcgt \u00fcber hochmoderne Einrichtungen, eine inspirierende Umgebung und bezaubernden Essens m\u00f6glichkeiten. F\u00fchren Sie Ihre Veranstaltung in einem von unseren zwei Konferenzr\u00e4umen durch, in denen bis zu 90 G\u00e4ste mit [&hellip;]<\/p>\n","protected":false},"author":5,"featured_media":0,"parent":0,"menu_order":0,"comment_status":"closed","ping_status":"closed","template":"","meta":{"_acf_changed":false,"footnotes":""},"class_list":["post-1507","page","type-page","status-publish","hentry"],"acf":[],"yoast_head":"<!-- This site is optimized with the Yoast SEO plugin v27.3 - https:\/\/yoast.com\/product\/yoast-seo-wordpress\/ -->\n<title>Melissi Beach Hotel &amp; Spa, Ayia Napa, Cyprus | Konferenzen<\/title>\n<meta name=\"description\" content=\"Das Melissi Beach Hotel bietet eine malerische Kulisse f\u00fcr Firmenveranstaltungen und Konferenzen. Das Hotel verf\u00fcgt \u00fcber hochmoderne Einrichtungen\" \/>\n<meta name=\"robots\" content=\"index, follow, max-snippet:-1, max-image-preview:large, max-video-preview:-1\" \/>\n<link rel=\"canonical\" href=\"https:\/\/melissi.com\/de\/konferenzen\/\" \/>\n<meta property=\"og:locale\" content=\"de_DE\" \/>\n<meta property=\"og:type\" content=\"article\" \/>\n<meta property=\"og:title\" content=\"Melissi Beach Hotel &amp; Spa, Ayia Napa, Cyprus | Konferenzen\" \/>\n<meta property=\"og:description\" content=\"Das Melissi Beach Hotel bietet eine malerische Kulisse f\u00fcr Firmenveranstaltungen und Konferenzen. Das Hotel verf\u00fcgt \u00fcber hochmoderne Einrichtungen\" \/>\n<meta property=\"og:url\" content=\"https:\/\/melissi.com\/de\/konferenzen\/\" \/>\n<meta property=\"og:site_name\" content=\"Melissi\" \/>\n<meta property=\"article:publisher\" content=\"https:\/\/www.facebook.com\/melissi.beach.hotel\" \/>\n<meta property=\"article:modified_time\" content=\"2020-07-08T11:35:44+00:00\" \/>\n<meta property=\"og:image\" content=\"https:\/\/melissi.com\/wp-content\/uploads\/2020\/01\/SPY_8156-1024x683.jpg\" \/>\n<meta name=\"twitter:card\" content=\"summary_large_image\" \/>\n<meta name=\"twitter:site\" content=\"@MelissiHotel\" \/>\n<script type=\"application\/ld+json\" class=\"yoast-schema-graph\">{\"@context\":\"https:\\\/\\\/schema.org\",\"@graph\":[{\"@type\":\"WebPage\",\"@id\":\"https:\\\/\\\/melissi.com\\\/de\\\/konferenzen\\\/\",\"url\":\"https:\\\/\\\/melissi.com\\\/de\\\/konferenzen\\\/\",\"name\":\"Melissi Beach Hotel & Spa, Ayia Napa, Cyprus | Konferenzen\",\"isPartOf\":{\"@id\":\"https:\\\/\\\/melissi.com\\\/#website\"},\"primaryImageOfPage\":{\"@id\":\"https:\\\/\\\/melissi.com\\\/de\\\/konferenzen\\\/#primaryimage\"},\"image\":{\"@id\":\"https:\\\/\\\/melissi.com\\\/de\\\/konferenzen\\\/#primaryimage\"},\"thumbnailUrl\":\"https:\\\/\\\/melissi.com\\\/wp-content\\\/uploads\\\/2020\\\/01\\\/SPY_8156-1024x683.jpg\",\"datePublished\":\"2019-10-30T15:17:01+00:00\",\"dateModified\":\"2020-07-08T11:35:44+00:00\",\"description\":\"Das Melissi Beach Hotel bietet eine malerische Kulisse f\u00fcr Firmenveranstaltungen und Konferenzen. Das Hotel verf\u00fcgt \u00fcber hochmoderne Einrichtungen\",\"breadcrumb\":{\"@id\":\"https:\\\/\\\/melissi.com\\\/de\\\/konferenzen\\\/#breadcrumb\"},\"inLanguage\":\"de\",\"potentialAction\":[{\"@type\":\"ReadAction\",\"target\":[\"https:\\\/\\\/melissi.com\\\/de\\\/konferenzen\\\/\"]}]},{\"@type\":\"ImageObject\",\"inLanguage\":\"de\",\"@id\":\"https:\\\/\\\/melissi.com\\\/de\\\/konferenzen\\\/#primaryimage\",\"url\":\"https:\\\/\\\/melissi.com\\\/wp-content\\\/uploads\\\/2020\\\/01\\\/SPY_8156-1024x683.jpg\",\"contentUrl\":\"https:\\\/\\\/melissi.com\\\/wp-content\\\/uploads\\\/2020\\\/01\\\/SPY_8156-1024x683.jpg\"},{\"@type\":\"BreadcrumbList\",\"@id\":\"https:\\\/\\\/melissi.com\\\/de\\\/konferenzen\\\/#breadcrumb\",\"itemListElement\":[{\"@type\":\"ListItem\",\"position\":1,\"name\":\"Home\",\"item\":\"https:\\\/\\\/melissi.com\\\/ru\\\/\"},{\"@type\":\"ListItem\",\"position\":2,\"name\":\"Konferenzen\"}]},{\"@type\":\"WebSite\",\"@id\":\"https:\\\/\\\/melissi.com\\\/#website\",\"url\":\"https:\\\/\\\/melissi.com\\\/\",\"name\":\"Melissi\",\"description\":\"Escape from it all\",\"publisher\":{\"@id\":\"https:\\\/\\\/melissi.com\\\/#organization\"},\"potentialAction\":[{\"@type\":\"SearchAction\",\"target\":{\"@type\":\"EntryPoint\",\"urlTemplate\":\"https:\\\/\\\/melissi.com\\\/?s={search_term_string}\"},\"query-input\":{\"@type\":\"PropertyValueSpecification\",\"valueRequired\":true,\"valueName\":\"search_term_string\"}}],\"inLanguage\":\"de\"},{\"@type\":\"Organization\",\"@id\":\"https:\\\/\\\/melissi.com\\\/#organization\",\"name\":\"Melissi Beach Hotel & Spa\",\"url\":\"https:\\\/\\\/melissi.com\\\/\",\"logo\":{\"@type\":\"ImageObject\",\"inLanguage\":\"de\",\"@id\":\"https:\\\/\\\/melissi.com\\\/#\\\/schema\\\/logo\\\/image\\\/\",\"url\":\"https:\\\/\\\/melissi.com\\\/wp-content\\\/uploads\\\/2019\\\/10\\\/logo-600px.png\",\"contentUrl\":\"https:\\\/\\\/melissi.com\\\/wp-content\\\/uploads\\\/2019\\\/10\\\/logo-600px.png\",\"width\":600,\"height\":608,\"caption\":\"Melissi Beach Hotel & Spa\"},\"image\":{\"@id\":\"https:\\\/\\\/melissi.com\\\/#\\\/schema\\\/logo\\\/image\\\/\"},\"sameAs\":[\"https:\\\/\\\/www.facebook.com\\\/melissi.beach.hotel\",\"https:\\\/\\\/x.com\\\/MelissiHotel\",\"https:\\\/\\\/www.instagram.com\\\/melissibeachhotel\\\/\",\"https:\\\/\\\/www.youtube.com\\\/channel\\\/UCmfGZBaGmRhez-ZLVsY1RCg\"]}]}<\/script>\n<!-- \/ Yoast SEO plugin. -->","yoast_head_json":{"title":"Melissi Beach Hotel & Spa, Ayia Napa, Cyprus | Konferenzen","description":"Das Melissi Beach Hotel bietet eine malerische Kulisse f\u00fcr Firmenveranstaltungen und Konferenzen. Das Hotel verf\u00fcgt \u00fcber hochmoderne Einrichtungen","robots":{"index":"index","follow":"follow","max-snippet":"max-snippet:-1","max-image-preview":"max-image-preview:large","max-video-preview":"max-video-preview:-1"},"canonical":"https:\/\/melissi.com\/de\/konferenzen\/","og_locale":"de_DE","og_type":"article","og_title":"Melissi Beach Hotel & Spa, Ayia Napa, Cyprus | Konferenzen","og_description":"Das Melissi Beach Hotel bietet eine malerische Kulisse f\u00fcr Firmenveranstaltungen und Konferenzen. Das Hotel verf\u00fcgt \u00fcber hochmoderne Einrichtungen","og_url":"https:\/\/melissi.com\/de\/konferenzen\/","og_site_name":"Melissi","article_publisher":"https:\/\/www.facebook.com\/melissi.beach.hotel","article_modified_time":"2020-07-08T11:35:44+00:00","og_image":[{"url":"https:\/\/melissi.com\/wp-content\/uploads\/2020\/01\/SPY_8156-1024x683.jpg","type":"","width":"","height":""}],"twitter_card":"summary_large_image","twitter_site":"@MelissiHotel","schema":{"@context":"https:\/\/schema.org","@graph":[{"@type":"WebPage","@id":"https:\/\/melissi.com\/de\/konferenzen\/","url":"https:\/\/melissi.com\/de\/konferenzen\/","name":"Melissi Beach Hotel & Spa, Ayia Napa, Cyprus | Konferenzen","isPartOf":{"@id":"https:\/\/melissi.com\/#website"},"primaryImageOfPage":{"@id":"https:\/\/melissi.com\/de\/konferenzen\/#primaryimage"},"image":{"@id":"https:\/\/melissi.com\/de\/konferenzen\/#primaryimage"},"thumbnailUrl":"https:\/\/melissi.com\/wp-content\/uploads\/2020\/01\/SPY_8156-1024x683.jpg","datePublished":"2019-10-30T15:17:01+00:00","dateModified":"2020-07-08T11:35:44+00:00","description":"Das Melissi Beach Hotel bietet eine malerische Kulisse f\u00fcr Firmenveranstaltungen und Konferenzen. Das Hotel verf\u00fcgt \u00fcber hochmoderne Einrichtungen","breadcrumb":{"@id":"https:\/\/melissi.com\/de\/konferenzen\/#breadcrumb"},"inLanguage":"de","potentialAction":[{"@type":"ReadAction","target":["https:\/\/melissi.com\/de\/konferenzen\/"]}]},{"@type":"ImageObject","inLanguage":"de","@id":"https:\/\/melissi.com\/de\/konferenzen\/#primaryimage","url":"https:\/\/melissi.com\/wp-content\/uploads\/2020\/01\/SPY_8156-1024x683.jpg","contentUrl":"https:\/\/melissi.com\/wp-content\/uploads\/2020\/01\/SPY_8156-1024x683.jpg"},{"@type":"BreadcrumbList","@id":"https:\/\/melissi.com\/de\/konferenzen\/#breadcrumb","itemListElement":[{"@type":"ListItem","position":1,"name":"Home","item":"https:\/\/melissi.com\/ru\/"},{"@type":"ListItem","position":2,"name":"Konferenzen"}]},{"@type":"WebSite","@id":"https:\/\/melissi.com\/#website","url":"https:\/\/melissi.com\/","name":"Melissi","description":"Escape from it all","publisher":{"@id":"https:\/\/melissi.com\/#organization"},"potentialAction":[{"@type":"SearchAction","target":{"@type":"EntryPoint","urlTemplate":"https:\/\/melissi.com\/?s={search_term_string}"},"query-input":{"@type":"PropertyValueSpecification","valueRequired":true,"valueName":"search_term_string"}}],"inLanguage":"de"},{"@type":"Organization","@id":"https:\/\/melissi.com\/#organization","name":"Melissi Beach Hotel & Spa","url":"https:\/\/melissi.com\/","logo":{"@type":"ImageObject","inLanguage":"de","@id":"https:\/\/melissi.com\/#\/schema\/logo\/image\/","url":"https:\/\/melissi.com\/wp-content\/uploads\/2019\/10\/logo-600px.png","contentUrl":"https:\/\/melissi.com\/wp-content\/uploads\/2019\/10\/logo-600px.png","width":600,"height":608,"caption":"Melissi Beach Hotel & Spa"},"image":{"@id":"https:\/\/melissi.com\/#\/schema\/logo\/image\/"},"sameAs":["https:\/\/www.facebook.com\/melissi.beach.hotel","https:\/\/x.com\/MelissiHotel","https:\/\/www.instagram.com\/melissibeachhotel\/","https:\/\/www.youtube.com\/channel\/UCmfGZBaGmRhez-ZLVsY1RCg"]}]}},"_links":{"self":[{"href":"https:\/\/melissi.com\/de\/wp-json\/wp\/v2\/pages\/1507","targetHints":{"allow":["GET"]}}],"collection":[{"href":"https:\/\/melissi.com\/de\/wp-json\/wp\/v2\/pages"}],"about":[{"href":"https:\/\/melissi.com\/de\/wp-json\/wp\/v2\/types\/page"}],"author":[{"embeddable":true,"href":"https:\/\/melissi.com\/de\/wp-json\/wp\/v2\/users\/5"}],"replies":[{"embeddable":true,"href":"https:\/\/melissi.com\/de\/wp-json\/wp\/v2\/comments?post=1507"}],"version-history":[{"count":0,"href":"https:\/\/melissi.com\/de\/wp-json\/wp\/v2\/pages\/1507\/revisions"}],"wp:attachment":[{"href":"https:\/\/melissi.com\/de\/wp-json\/wp\/v2\/media?parent=1507"}],"curies":[{"name":"wp","href":"https:\/\/api.w.org\/{rel}","templated":true}]}}