{"id":1494,"date":"2019-10-28T18:17:33","date_gmt":"2019-10-28T18:17:33","guid":{"rendered":"https:\/\/melissi.com\/spa\/"},"modified":"2026-03-11T11:29:37","modified_gmt":"2026-03-11T09:29:37","slug":"spa","status":"publish","type":"page","link":"https:\/\/melissi.com\/de\/spa\/","title":{"rendered":"Spa"},"content":{"rendered":"\t\t<div data-elementor-type=\"wp-page\" data-elementor-id=\"1494\" class=\"elementor elementor-1494 elementor-482\" data-elementor-post-type=\"page\">\n\t\t\t\t\t\t<section class=\"elementor-section elementor-top-section elementor-element elementor-element-47e5bc08 elementor-section-height-min-height elementor-section-items-bottom elementor-section-boxed elementor-section-height-default\" data-id=\"47e5bc08\" data-element_type=\"section\" data-e-type=\"section\" data-settings=\"{&quot;background_background&quot;:&quot;classic&quot;}\">\n\t\t\t\t\t\t\t<div class=\"elementor-background-overlay\"><\/div>\n\t\t\t\t\t\t\t<div class=\"elementor-container elementor-column-gap-no\">\n\t\t\t\t\t<div class=\"elementor-column elementor-col-100 elementor-top-column elementor-element elementor-element-66d7aa38\" data-id=\"66d7aa38\" data-element_type=\"column\" data-e-type=\"column\">\n\t\t\t<div class=\"elementor-widget-wrap elementor-element-populated\">\n\t\t\t\t\t\t<div class=\"elementor-element elementor-element-7a0be554 elementor-widget elementor-widget-heading\" data-id=\"7a0be554\" data-element_type=\"widget\" data-e-type=\"widget\" data-widget_type=\"heading.default\">\n\t\t\t\t<div class=\"elementor-widget-container\">\n\t\t\t\t\t<h1 class=\"elementor-heading-title elementor-size-xxl\">Apis Spa<\/h1>\t\t\t\t<\/div>\n\t\t\t\t<\/div>\n\t\t\t\t<div class=\"elementor-element elementor-element-76e4352e elementor-widget elementor-widget-heading\" data-id=\"76e4352e\" data-element_type=\"widget\" data-e-type=\"widget\" data-widget_type=\"heading.default\">\n\t\t\t\t<div class=\"elementor-widget-container\">\n\t\t\t\t\t<p class=\"elementor-heading-title elementor-size-default\">Erfrischung und Verj\u00fcngung<\/p>\t\t\t\t<\/div>\n\t\t\t\t<\/div>\n\t\t\t\t<div class=\"elementor-element elementor-element-309afa46 elementor-widget elementor-widget-spacer\" data-id=\"309afa46\" data-element_type=\"widget\" data-e-type=\"widget\" data-widget_type=\"spacer.default\">\n\t\t\t\t<div class=\"elementor-widget-container\">\n\t\t\t\t\t\t\t<div class=\"elementor-spacer\">\n\t\t\t<div class=\"elementor-spacer-inner\"><\/div>\n\t\t<\/div>\n\t\t\t\t\t\t<\/div>\n\t\t\t\t<\/div>\n\t\t\t\t\t<\/div>\n\t\t<\/div>\n\t\t\t\t\t<\/div>\n\t\t<\/section>\n\t\t\t\t<section class=\"elementor-section elementor-top-section elementor-element elementor-element-400d176 elementor-section-content-middle elementor-section-boxed elementor-section-height-default elementor-section-height-default\" data-id=\"400d176\" data-element_type=\"section\" data-e-type=\"section\">\n\t\t\t\t\t\t<div class=\"elementor-container elementor-column-gap-default\">\n\t\t\t\t\t<div class=\"elementor-column elementor-col-50 elementor-top-column elementor-element elementor-element-989de7b elementor-hidden-phone\" data-id=\"989de7b\" data-element_type=\"column\" data-e-type=\"column\">\n\t\t\t<div class=\"elementor-widget-wrap elementor-element-populated\">\n\t\t\t\t\t\t<div class=\"elementor-element elementor-element-fcd94ba elementor-widget elementor-widget-image\" data-id=\"fcd94ba\" data-element_type=\"widget\" data-e-type=\"widget\" data-widget_type=\"image.default\">\n\t\t\t\t<div class=\"elementor-widget-container\">\n\t\t\t\t\t\t\t\t\t\t\t\t\t\t\t<img fetchpriority=\"high\" decoding=\"async\" width=\"683\" height=\"1024\" src=\"https:\/\/melissi.com\/wp-content\/uploads\/2025\/06\/laps8327r-683x1024.jpg\" class=\"attachment-large size-large wp-image-7476\" alt=\"\" srcset=\"https:\/\/melissi.com\/wp-content\/uploads\/2025\/06\/laps8327r-683x1024.jpg 683w, https:\/\/melissi.com\/wp-content\/uploads\/2025\/06\/laps8327r-200x300.jpg 200w, https:\/\/melissi.com\/wp-content\/uploads\/2025\/06\/laps8327r-768x1151.jpg 768w, https:\/\/melissi.com\/wp-content\/uploads\/2025\/06\/laps8327r-1025x1536.jpg 1025w, https:\/\/melissi.com\/wp-content\/uploads\/2025\/06\/laps8327r-1366x2048.jpg 1366w, https:\/\/melissi.com\/wp-content\/uploads\/2025\/06\/laps8327r-scaled.jpg 1708w\" sizes=\"(max-width: 683px) 100vw, 683px\" \/>\t\t\t\t\t\t\t\t\t\t\t\t\t\t\t<\/div>\n\t\t\t\t<\/div>\n\t\t\t\t\t<\/div>\n\t\t<\/div>\n\t\t\t\t<div class=\"elementor-column elementor-col-50 elementor-top-column elementor-element elementor-element-6ac8acf\" data-id=\"6ac8acf\" data-element_type=\"column\" data-e-type=\"column\">\n\t\t\t<div class=\"elementor-widget-wrap elementor-element-populated\">\n\t\t\t\t\t\t<div class=\"elementor-element elementor-element-203d559 elementor-widget elementor-widget-heading\" data-id=\"203d559\" data-element_type=\"widget\" data-e-type=\"widget\" data-widget_type=\"heading.default\">\n\t\t\t\t<div class=\"elementor-widget-container\">\n\t\t\t\t\t<h3 class=\"elementor-heading-title elementor-size-xl\">pure Entspannung<\/h3>\t\t\t\t<\/div>\n\t\t\t\t<\/div>\n\t\t\t\t<div class=\"elementor-element elementor-element-991f85b elementor-widget-divider--view-line elementor-widget elementor-widget-divider\" data-id=\"991f85b\" data-element_type=\"widget\" data-e-type=\"widget\" data-widget_type=\"divider.default\">\n\t\t\t\t<div class=\"elementor-widget-container\">\n\t\t\t\t\t\t\t<div class=\"elementor-divider\">\n\t\t\t<span class=\"elementor-divider-separator\">\n\t\t\t\t\t\t<\/span>\n\t\t<\/div>\n\t\t\t\t\t\t<\/div>\n\t\t\t\t<\/div>\n\t\t\t\t<div class=\"elementor-element elementor-element-ebf52cf elementor-widget elementor-widget-text-editor\" data-id=\"ebf52cf\" data-element_type=\"widget\" data-e-type=\"widget\" data-widget_type=\"text-editor.default\">\n\t\t\t\t<div class=\"elementor-widget-container\">\n\t\t\t\t\t\t\t\t\t<p>Fliehen Sie vom Alltagsstress und begeben Sie sich in die ruhige Umgebung des APIS Spa. Lassen Sie sich die Zeit vergessen. Versinken Sie in einer Zeit alten Verst\u00e4ndnisses, begeben Sie sich mit uns auf den Weg zum inneren Frieden, Reflexion und Erleuchtung .<\/p>\n<p>Werden Sie eins mit dem Moment, entdecken Sie Ihre Sinne wieder und f\u00f6rdern Sie Ihren Geist.<\/p>\n<p>Ein modernes Spa mit einzigartigen Behandlungen f\u00fcr K\u00f6rper und Geist, vier komplett ausgestattete Behandlungsr\u00e4ume, Sauna, Samarium, Dampfbad, Innenpool ( gegen Aufpreis ), Eisbrunnen und beheizten Liegen.<\/p>\t\t\t\t\t\t\t\t<\/div>\n\t\t\t\t<\/div>\n\t\t\t\t<section class=\"elementor-section elementor-inner-section elementor-element elementor-element-c7fb8ee elementor-section-boxed elementor-section-height-default elementor-section-height-default\" data-id=\"c7fb8ee\" data-element_type=\"section\" data-e-type=\"section\">\n\t\t\t\t\t\t<div class=\"elementor-container elementor-column-gap-default\">\n\t\t\t\t\t<div class=\"elementor-column elementor-col-50 elementor-inner-column elementor-element elementor-element-2018f12\" data-id=\"2018f12\" data-element_type=\"column\" data-e-type=\"column\">\n\t\t\t<div class=\"elementor-widget-wrap elementor-element-populated\">\n\t\t\t\t\t\t<div class=\"elementor-element elementor-element-2730129 elementor-align-left elementor-widget elementor-widget-button\" data-id=\"2730129\" data-element_type=\"widget\" data-e-type=\"widget\" data-widget_type=\"button.default\">\n\t\t\t\t<div class=\"elementor-widget-container\">\n\t\t\t\t\t\t\t\t\t<div class=\"elementor-button-wrapper\">\n\t\t\t\t\t<a class=\"elementor-button elementor-button-link elementor-size-sm\" href=\"https:\/\/melissi.com\/wp-content\/uploads\/2026\/03\/apis-spa-menu-2026.pdf\" target=\"_blank\" id=\"elementor-button-spa\">\n\t\t\t\t\t\t<span class=\"elementor-button-content-wrapper\">\n\t\t\t\t\t\t\t\t\t<span class=\"elementor-button-text\">APIS Spa Programm<\/span>\n\t\t\t\t\t<\/span>\n\t\t\t\t\t<\/a>\n\t\t\t\t<\/div>\n\t\t\t\t\t\t\t\t<\/div>\n\t\t\t\t<\/div>\n\t\t\t\t\t<\/div>\n\t\t<\/div>\n\t\t\t\t<div class=\"elementor-column elementor-col-50 elementor-inner-column elementor-element elementor-element-ae7d7c9\" data-id=\"ae7d7c9\" data-element_type=\"column\" data-e-type=\"column\">\n\t\t\t<div class=\"elementor-widget-wrap elementor-element-populated\">\n\t\t\t\t\t\t<div class=\"elementor-element elementor-element-dad919a elementor-align-left elementor-widget elementor-widget-button\" data-id=\"dad919a\" data-element_type=\"widget\" data-e-type=\"widget\" data-widget_type=\"button.default\">\n\t\t\t\t<div class=\"elementor-widget-container\">\n\t\t\t\t\t\t\t\t\t<div class=\"elementor-button-wrapper\">\n\t\t\t\t\t<a class=\"elementor-button elementor-button-link elementor-size-sm\" href=\"https:\/\/melissi.com\/de\/kontaktinformation\/\" id=\"elementor-button-spa\">\n\t\t\t\t\t\t<span class=\"elementor-button-content-wrapper\">\n\t\t\t\t\t\t\t\t\t<span class=\"elementor-button-text\">Buchen Sie eine Behandlung<\/span>\n\t\t\t\t\t<\/span>\n\t\t\t\t\t<\/a>\n\t\t\t\t<\/div>\n\t\t\t\t\t\t\t\t<\/div>\n\t\t\t\t<\/div>\n\t\t\t\t\t<\/div>\n\t\t<\/div>\n\t\t\t\t\t<\/div>\n\t\t<\/section>\n\t\t\t\t\t<\/div>\n\t\t<\/div>\n\t\t\t\t\t<\/div>\n\t\t<\/section>\n\t\t\t\t<section class=\"elementor-section elementor-top-section elementor-element elementor-element-7c5fe51 elementor-section-full_width elementor-section-height-min-height elementor-section-height-default elementor-section-items-middle\" data-id=\"7c5fe51\" data-element_type=\"section\" data-e-type=\"section\" data-settings=\"{&quot;background_background&quot;:&quot;classic&quot;}\">\n\t\t\t\t\t\t<div class=\"elementor-container elementor-column-gap-no\">\n\t\t\t\t\t<div class=\"elementor-column elementor-col-100 elementor-top-column elementor-element elementor-element-5a3919f\" data-id=\"5a3919f\" data-element_type=\"column\" data-e-type=\"column\">\n\t\t\t<div class=\"elementor-widget-wrap elementor-element-populated\">\n\t\t\t\t\t\t<section class=\"elementor-section elementor-inner-section elementor-element elementor-element-4f55e25 elementor-section-full_width elementor-section-height-default elementor-section-height-default\" data-id=\"4f55e25\" data-element_type=\"section\" data-e-type=\"section\">\n\t\t\t\t\t\t<div class=\"elementor-container elementor-column-gap-no\">\n\t\t\t\t\t<div class=\"elementor-column elementor-col-50 elementor-inner-column elementor-element elementor-element-672ebd1\" data-id=\"672ebd1\" data-element_type=\"column\" data-e-type=\"column\" data-settings=\"{&quot;background_background&quot;:&quot;classic&quot;}\">\n\t\t\t<div class=\"elementor-widget-wrap elementor-element-populated\">\n\t\t\t\t\t\t<div class=\"elementor-element elementor-element-6720e51 elementor-widget elementor-widget-heading\" data-id=\"6720e51\" data-element_type=\"widget\" data-e-type=\"widget\" data-widget_type=\"heading.default\">\n\t\t\t\t<div class=\"elementor-widget-container\">\n\t\t\t\t\t<h3 class=\"elementor-heading-title elementor-size-xl\">Natural Spa Factory<\/h3>\t\t\t\t<\/div>\n\t\t\t\t<\/div>\n\t\t\t\t<div class=\"elementor-element elementor-element-e594784 elementor-widget-divider--view-line elementor-widget elementor-widget-divider\" data-id=\"e594784\" data-element_type=\"widget\" data-e-type=\"widget\" data-widget_type=\"divider.default\">\n\t\t\t\t<div class=\"elementor-widget-container\">\n\t\t\t\t\t\t\t<div class=\"elementor-divider\">\n\t\t\t<span class=\"elementor-divider-separator\">\n\t\t\t\t\t\t<\/span>\n\t\t<\/div>\n\t\t\t\t\t\t<\/div>\n\t\t\t\t<\/div>\n\t\t\t\t<div class=\"elementor-element elementor-element-852ba46 elementor-widget elementor-widget-text-editor\" data-id=\"852ba46\" data-element_type=\"widget\" data-e-type=\"widget\" data-widget_type=\"text-editor.default\">\n\t\t\t\t<div class=\"elementor-widget-container\">\n\t\t\t\t\t\t\t\t\t<p>APIS Spa vom Melissi Hotel bietet zusammen mit Natural Spa Factory eine Sammlung einzigartiger nat\u00fcrlicher und botanischer Spa-Behandlungen f\u00fcr Gesicht und K\u00f6rper. Natural Spa Factory wurde in Bath, England, gegr\u00fcndet und hat sich zum Ziel gesetzt, Produkte herzustellen, die so nat\u00fcrlich und zugleich so effektiv wie m\u00f6glich sind. Mit ihrer sanften Kraft verleiht diese Produktlinie K\u00f6rper und Haut G\u00fcte und gesunde Nahrung und gibt Ihnen von aussen her einen gesunden Schub.<\/p>\t\t\t\t\t\t\t\t<\/div>\n\t\t\t\t<\/div>\n\t\t\t\t\t<\/div>\n\t\t<\/div>\n\t\t\t\t<div class=\"elementor-column elementor-col-50 elementor-inner-column elementor-element elementor-element-a6d7151\" data-id=\"a6d7151\" data-element_type=\"column\" data-e-type=\"column\">\n\t\t\t<div class=\"elementor-widget-wrap\">\n\t\t\t\t\t\t\t<\/div>\n\t\t<\/div>\n\t\t\t\t\t<\/div>\n\t\t<\/section>\n\t\t\t\t<div class=\"elementor-element elementor-element-b99238b elementor-widget elementor-widget-spacer\" data-id=\"b99238b\" data-element_type=\"widget\" data-e-type=\"widget\" data-widget_type=\"spacer.default\">\n\t\t\t\t<div class=\"elementor-widget-container\">\n\t\t\t\t\t\t\t<div class=\"elementor-spacer\">\n\t\t\t<div class=\"elementor-spacer-inner\"><\/div>\n\t\t<\/div>\n\t\t\t\t\t\t<\/div>\n\t\t\t\t<\/div>\n\t\t\t\t\t<\/div>\n\t\t<\/div>\n\t\t\t\t\t<\/div>\n\t\t<\/section>\n\t\t\t\t<\/div>\n\t\t","protected":false},"excerpt":{"rendered":"<p>Apis Spa Erfrischung und Verj\u00fcngung pure Entspannung Fliehen Sie vom Alltagsstress und begeben Sie sich in die ruhige Umgebung des APIS Spa. Lassen Sie sich die Zeit vergessen. Versinken Sie in einer Zeit alten Verst\u00e4ndnisses, begeben Sie sich mit uns auf den Weg zum inneren Frieden, Reflexion und Erleuchtung . Werden Sie eins mit dem [&hellip;]<\/p>\n","protected":false},"author":5,"featured_media":0,"parent":0,"menu_order":0,"comment_status":"closed","ping_status":"closed","template":"","meta":{"_acf_changed":false,"footnotes":""},"class_list":["post-1494","page","type-page","status-publish","hentry"],"acf":[],"yoast_head":"<!-- This site is optimized with the Yoast SEO plugin v27.3 - https:\/\/yoast.com\/product\/yoast-seo-wordpress\/ -->\n<title>Melissi Beach Hotel &amp; Spa, Ayia Napa, Cyprus | APIS Spa<\/title>\n<meta name=\"description\" content=\"Fliehen Sie vom Alltagsstress und begeben Sie sich in die ruhige Umgebung des APIS Spa. Lassen Sie sich die Zeit vergessen.\" \/>\n<meta name=\"robots\" content=\"index, follow, max-snippet:-1, max-image-preview:large, max-video-preview:-1\" \/>\n<link rel=\"canonical\" href=\"https:\/\/melissi.com\/ru\/spa\/\" \/>\n<meta property=\"og:locale\" content=\"de_DE\" \/>\n<meta property=\"og:type\" content=\"article\" \/>\n<meta property=\"og:title\" content=\"Melissi Beach Hotel &amp; Spa, Ayia Napa, Cyprus | APIS Spa\" \/>\n<meta property=\"og:description\" content=\"Fliehen Sie vom Alltagsstress und begeben Sie sich in die ruhige Umgebung des APIS Spa. Lassen Sie sich die Zeit vergessen.\" \/>\n<meta property=\"og:url\" content=\"https:\/\/melissi.com\/ru\/spa\/\" \/>\n<meta property=\"og:site_name\" content=\"Melissi\" \/>\n<meta property=\"article:publisher\" content=\"https:\/\/www.facebook.com\/melissi.beach.hotel\" \/>\n<meta property=\"article:modified_time\" content=\"2026-03-11T09:29:37+00:00\" \/>\n<meta property=\"og:image\" content=\"https:\/\/melissi.com\/wp-content\/uploads\/2025\/06\/laps8327r-scaled.jpg\" \/>\n\t<meta property=\"og:image:width\" content=\"1708\" \/>\n\t<meta property=\"og:image:height\" content=\"2560\" \/>\n\t<meta property=\"og:image:type\" content=\"image\/jpeg\" \/>\n<meta name=\"twitter:card\" content=\"summary_large_image\" \/>\n<meta name=\"twitter:site\" content=\"@MelissiHotel\" \/>\n<meta name=\"twitter:label1\" content=\"Gesch\u00e4tzte Lesezeit\" \/>\n\t<meta name=\"twitter:data1\" content=\"2\u00a0Minuten\" \/>\n<script type=\"application\/ld+json\" class=\"yoast-schema-graph\">{\"@context\":\"https:\\\/\\\/schema.org\",\"@graph\":[{\"@type\":\"WebPage\",\"@id\":\"https:\\\/\\\/melissi.com\\\/ru\\\/spa\\\/\",\"url\":\"https:\\\/\\\/melissi.com\\\/ru\\\/spa\\\/\",\"name\":\"Melissi Beach Hotel & Spa, Ayia Napa, Cyprus | APIS Spa\",\"isPartOf\":{\"@id\":\"https:\\\/\\\/melissi.com\\\/#website\"},\"primaryImageOfPage\":{\"@id\":\"https:\\\/\\\/melissi.com\\\/ru\\\/spa\\\/#primaryimage\"},\"image\":{\"@id\":\"https:\\\/\\\/melissi.com\\\/ru\\\/spa\\\/#primaryimage\"},\"thumbnailUrl\":\"https:\\\/\\\/melissi.com\\\/wp-content\\\/uploads\\\/2025\\\/06\\\/laps8327r-683x1024.jpg\",\"datePublished\":\"2019-10-28T18:17:33+00:00\",\"dateModified\":\"2026-03-11T09:29:37+00:00\",\"description\":\"Fliehen Sie vom Alltagsstress und begeben Sie sich in die ruhige Umgebung des APIS Spa. Lassen Sie sich die Zeit vergessen.\",\"breadcrumb\":{\"@id\":\"https:\\\/\\\/melissi.com\\\/ru\\\/spa\\\/#breadcrumb\"},\"inLanguage\":\"de\",\"potentialAction\":[{\"@type\":\"ReadAction\",\"target\":[\"https:\\\/\\\/melissi.com\\\/ru\\\/spa\\\/\"]}]},{\"@type\":\"ImageObject\",\"inLanguage\":\"de\",\"@id\":\"https:\\\/\\\/melissi.com\\\/ru\\\/spa\\\/#primaryimage\",\"url\":\"https:\\\/\\\/melissi.com\\\/wp-content\\\/uploads\\\/2025\\\/06\\\/laps8327r-683x1024.jpg\",\"contentUrl\":\"https:\\\/\\\/melissi.com\\\/wp-content\\\/uploads\\\/2025\\\/06\\\/laps8327r-683x1024.jpg\"},{\"@type\":\"BreadcrumbList\",\"@id\":\"https:\\\/\\\/melissi.com\\\/ru\\\/spa\\\/#breadcrumb\",\"itemListElement\":[{\"@type\":\"ListItem\",\"position\":1,\"name\":\"Home\",\"item\":\"https:\\\/\\\/melissi.com\\\/ru\\\/\"},{\"@type\":\"ListItem\",\"position\":2,\"name\":\"Spa\"}]},{\"@type\":\"WebSite\",\"@id\":\"https:\\\/\\\/melissi.com\\\/#website\",\"url\":\"https:\\\/\\\/melissi.com\\\/\",\"name\":\"Melissi\",\"description\":\"Escape from it all\",\"publisher\":{\"@id\":\"https:\\\/\\\/melissi.com\\\/#organization\"},\"potentialAction\":[{\"@type\":\"SearchAction\",\"target\":{\"@type\":\"EntryPoint\",\"urlTemplate\":\"https:\\\/\\\/melissi.com\\\/?s={search_term_string}\"},\"query-input\":{\"@type\":\"PropertyValueSpecification\",\"valueRequired\":true,\"valueName\":\"search_term_string\"}}],\"inLanguage\":\"de\"},{\"@type\":\"Organization\",\"@id\":\"https:\\\/\\\/melissi.com\\\/#organization\",\"name\":\"Melissi Beach Hotel & Spa\",\"url\":\"https:\\\/\\\/melissi.com\\\/\",\"logo\":{\"@type\":\"ImageObject\",\"inLanguage\":\"de\",\"@id\":\"https:\\\/\\\/melissi.com\\\/#\\\/schema\\\/logo\\\/image\\\/\",\"url\":\"https:\\\/\\\/melissi.com\\\/wp-content\\\/uploads\\\/2019\\\/10\\\/logo-600px.png\",\"contentUrl\":\"https:\\\/\\\/melissi.com\\\/wp-content\\\/uploads\\\/2019\\\/10\\\/logo-600px.png\",\"width\":600,\"height\":608,\"caption\":\"Melissi Beach Hotel & Spa\"},\"image\":{\"@id\":\"https:\\\/\\\/melissi.com\\\/#\\\/schema\\\/logo\\\/image\\\/\"},\"sameAs\":[\"https:\\\/\\\/www.facebook.com\\\/melissi.beach.hotel\",\"https:\\\/\\\/x.com\\\/MelissiHotel\",\"https:\\\/\\\/www.instagram.com\\\/melissibeachhotel\\\/\",\"https:\\\/\\\/www.youtube.com\\\/channel\\\/UCmfGZBaGmRhez-ZLVsY1RCg\"]}]}<\/script>\n<!-- \/ Yoast SEO plugin. -->","yoast_head_json":{"title":"Melissi Beach Hotel & Spa, Ayia Napa, Cyprus | APIS Spa","description":"Fliehen Sie vom Alltagsstress und begeben Sie sich in die ruhige Umgebung des APIS Spa. Lassen Sie sich die Zeit vergessen.","robots":{"index":"index","follow":"follow","max-snippet":"max-snippet:-1","max-image-preview":"max-image-preview:large","max-video-preview":"max-video-preview:-1"},"canonical":"https:\/\/melissi.com\/ru\/spa\/","og_locale":"de_DE","og_type":"article","og_title":"Melissi Beach Hotel & Spa, Ayia Napa, Cyprus | APIS Spa","og_description":"Fliehen Sie vom Alltagsstress und begeben Sie sich in die ruhige Umgebung des APIS Spa. Lassen Sie sich die Zeit vergessen.","og_url":"https:\/\/melissi.com\/ru\/spa\/","og_site_name":"Melissi","article_publisher":"https:\/\/www.facebook.com\/melissi.beach.hotel","article_modified_time":"2026-03-11T09:29:37+00:00","og_image":[{"width":1708,"height":2560,"url":"https:\/\/melissi.com\/wp-content\/uploads\/2025\/06\/laps8327r-scaled.jpg","type":"image\/jpeg"}],"twitter_card":"summary_large_image","twitter_site":"@MelissiHotel","twitter_misc":{"Gesch\u00e4tzte Lesezeit":"2\u00a0Minuten"},"schema":{"@context":"https:\/\/schema.org","@graph":[{"@type":"WebPage","@id":"https:\/\/melissi.com\/ru\/spa\/","url":"https:\/\/melissi.com\/ru\/spa\/","name":"Melissi Beach Hotel & Spa, Ayia Napa, Cyprus | APIS Spa","isPartOf":{"@id":"https:\/\/melissi.com\/#website"},"primaryImageOfPage":{"@id":"https:\/\/melissi.com\/ru\/spa\/#primaryimage"},"image":{"@id":"https:\/\/melissi.com\/ru\/spa\/#primaryimage"},"thumbnailUrl":"https:\/\/melissi.com\/wp-content\/uploads\/2025\/06\/laps8327r-683x1024.jpg","datePublished":"2019-10-28T18:17:33+00:00","dateModified":"2026-03-11T09:29:37+00:00","description":"Fliehen Sie vom Alltagsstress und begeben Sie sich in die ruhige Umgebung des APIS Spa. Lassen Sie sich die Zeit vergessen.","breadcrumb":{"@id":"https:\/\/melissi.com\/ru\/spa\/#breadcrumb"},"inLanguage":"de","potentialAction":[{"@type":"ReadAction","target":["https:\/\/melissi.com\/ru\/spa\/"]}]},{"@type":"ImageObject","inLanguage":"de","@id":"https:\/\/melissi.com\/ru\/spa\/#primaryimage","url":"https:\/\/melissi.com\/wp-content\/uploads\/2025\/06\/laps8327r-683x1024.jpg","contentUrl":"https:\/\/melissi.com\/wp-content\/uploads\/2025\/06\/laps8327r-683x1024.jpg"},{"@type":"BreadcrumbList","@id":"https:\/\/melissi.com\/ru\/spa\/#breadcrumb","itemListElement":[{"@type":"ListItem","position":1,"name":"Home","item":"https:\/\/melissi.com\/ru\/"},{"@type":"ListItem","position":2,"name":"Spa"}]},{"@type":"WebSite","@id":"https:\/\/melissi.com\/#website","url":"https:\/\/melissi.com\/","name":"Melissi","description":"Escape from it all","publisher":{"@id":"https:\/\/melissi.com\/#organization"},"potentialAction":[{"@type":"SearchAction","target":{"@type":"EntryPoint","urlTemplate":"https:\/\/melissi.com\/?s={search_term_string}"},"query-input":{"@type":"PropertyValueSpecification","valueRequired":true,"valueName":"search_term_string"}}],"inLanguage":"de"},{"@type":"Organization","@id":"https:\/\/melissi.com\/#organization","name":"Melissi Beach Hotel & Spa","url":"https:\/\/melissi.com\/","logo":{"@type":"ImageObject","inLanguage":"de","@id":"https:\/\/melissi.com\/#\/schema\/logo\/image\/","url":"https:\/\/melissi.com\/wp-content\/uploads\/2019\/10\/logo-600px.png","contentUrl":"https:\/\/melissi.com\/wp-content\/uploads\/2019\/10\/logo-600px.png","width":600,"height":608,"caption":"Melissi Beach Hotel & Spa"},"image":{"@id":"https:\/\/melissi.com\/#\/schema\/logo\/image\/"},"sameAs":["https:\/\/www.facebook.com\/melissi.beach.hotel","https:\/\/x.com\/MelissiHotel","https:\/\/www.instagram.com\/melissibeachhotel\/","https:\/\/www.youtube.com\/channel\/UCmfGZBaGmRhez-ZLVsY1RCg"]}]}},"_links":{"self":[{"href":"https:\/\/melissi.com\/de\/wp-json\/wp\/v2\/pages\/1494","targetHints":{"allow":["GET"]}}],"collection":[{"href":"https:\/\/melissi.com\/de\/wp-json\/wp\/v2\/pages"}],"about":[{"href":"https:\/\/melissi.com\/de\/wp-json\/wp\/v2\/types\/page"}],"author":[{"embeddable":true,"href":"https:\/\/melissi.com\/de\/wp-json\/wp\/v2\/users\/5"}],"replies":[{"embeddable":true,"href":"https:\/\/melissi.com\/de\/wp-json\/wp\/v2\/comments?post=1494"}],"version-history":[{"count":15,"href":"https:\/\/melissi.com\/de\/wp-json\/wp\/v2\/pages\/1494\/revisions"}],"predecessor-version":[{"id":9227,"href":"https:\/\/melissi.com\/de\/wp-json\/wp\/v2\/pages\/1494\/revisions\/9227"}],"wp:attachment":[{"href":"https:\/\/melissi.com\/de\/wp-json\/wp\/v2\/media?parent=1494"}],"curies":[{"name":"wp","href":"https:\/\/api.w.org\/{rel}","templated":true}]}}