{"id":1486,"date":"2019-10-30T14:42:25","date_gmt":"2019-10-30T14:42:25","guid":{"rendered":"https:\/\/melissi.com\/recreation-sports\/"},"modified":"2025-06-10T15:00:26","modified_gmt":"2025-06-10T12:00:26","slug":"erholung-und-sport","status":"publish","type":"page","link":"https:\/\/melissi.com\/de\/erholung-und-sport\/","title":{"rendered":"Erholung und Sport"},"content":{"rendered":"\t\t<div data-elementor-type=\"wp-page\" data-elementor-id=\"1486\" class=\"elementor elementor-1486 elementor-548\" data-elementor-post-type=\"page\">\n\t\t\t\t\t\t<section class=\"elementor-section elementor-top-section elementor-element elementor-element-27a1937 elementor-section-height-min-height elementor-section-items-bottom elementor-section-boxed elementor-section-height-default\" data-id=\"27a1937\" data-element_type=\"section\" data-e-type=\"section\" data-settings=\"{&quot;background_background&quot;:&quot;classic&quot;}\">\n\t\t\t\t\t\t\t<div class=\"elementor-background-overlay\"><\/div>\n\t\t\t\t\t\t\t<div class=\"elementor-container elementor-column-gap-no\">\n\t\t\t\t\t<div class=\"elementor-column elementor-col-100 elementor-top-column elementor-element elementor-element-50ca1742\" data-id=\"50ca1742\" data-element_type=\"column\" data-e-type=\"column\">\n\t\t\t<div class=\"elementor-widget-wrap elementor-element-populated\">\n\t\t\t\t\t\t<div class=\"elementor-element elementor-element-5f847fbb elementor-widget elementor-widget-heading\" data-id=\"5f847fbb\" data-element_type=\"widget\" data-e-type=\"widget\" data-widget_type=\"heading.default\">\n\t\t\t\t<div class=\"elementor-widget-container\">\n\t\t\t\t\t<h1 class=\"elementor-heading-title elementor-size-xxl\">Erholung und Sport<\/h1>\t\t\t\t<\/div>\n\t\t\t\t<\/div>\n\t\t\t\t<div class=\"elementor-element elementor-element-54d0a6ab elementor-widget elementor-widget-heading\" data-id=\"54d0a6ab\" data-element_type=\"widget\" data-e-type=\"widget\" data-widget_type=\"heading.default\">\n\t\t\t\t<div class=\"elementor-widget-container\">\n\t\t\t\t\t<p class=\"elementor-heading-title elementor-size-default\">Ergreifende Momente <\/p>\t\t\t\t<\/div>\n\t\t\t\t<\/div>\n\t\t\t\t<div class=\"elementor-element elementor-element-75b3e8be elementor-widget elementor-widget-spacer\" data-id=\"75b3e8be\" data-element_type=\"widget\" data-e-type=\"widget\" data-widget_type=\"spacer.default\">\n\t\t\t\t<div class=\"elementor-widget-container\">\n\t\t\t\t\t\t\t<div class=\"elementor-spacer\">\n\t\t\t<div class=\"elementor-spacer-inner\"><\/div>\n\t\t<\/div>\n\t\t\t\t\t\t<\/div>\n\t\t\t\t<\/div>\n\t\t\t\t\t<\/div>\n\t\t<\/div>\n\t\t\t\t\t<\/div>\n\t\t<\/section>\n\t\t\t\t<section class=\"elementor-section elementor-top-section elementor-element elementor-element-6f082a23 elementor-section-full_width elementor-section-content-middle elementor-section-height-default elementor-section-height-default\" data-id=\"6f082a23\" data-element_type=\"section\" data-e-type=\"section\" data-settings=\"{&quot;background_background&quot;:&quot;classic&quot;}\">\n\t\t\t\t\t\t<div class=\"elementor-container elementor-column-gap-default\">\n\t\t\t\t\t<div class=\"elementor-column elementor-col-50 elementor-top-column elementor-element elementor-element-32c0fdd6\" data-id=\"32c0fdd6\" data-element_type=\"column\" data-e-type=\"column\" data-settings=\"{&quot;background_background&quot;:&quot;classic&quot;}\">\n\t\t\t<div class=\"elementor-widget-wrap elementor-element-populated\">\n\t\t\t\t\t\t<div class=\"elementor-element elementor-element-fe358e8 elementor-widget elementor-widget-spacer\" data-id=\"fe358e8\" data-element_type=\"widget\" data-e-type=\"widget\" data-widget_type=\"spacer.default\">\n\t\t\t\t<div class=\"elementor-widget-container\">\n\t\t\t\t\t\t\t<div class=\"elementor-spacer\">\n\t\t\t<div class=\"elementor-spacer-inner\"><\/div>\n\t\t<\/div>\n\t\t\t\t\t\t<\/div>\n\t\t\t\t<\/div>\n\t\t\t\t\t<\/div>\n\t\t<\/div>\n\t\t\t\t<div class=\"elementor-column elementor-col-50 elementor-top-column elementor-element elementor-element-28c827a2\" data-id=\"28c827a2\" data-element_type=\"column\" data-e-type=\"column\">\n\t\t\t<div class=\"elementor-widget-wrap elementor-element-populated\">\n\t\t\t\t\t\t<section class=\"elementor-section elementor-inner-section elementor-element elementor-element-500b7bc8 elementor-section-boxed elementor-section-height-default elementor-section-height-default\" data-id=\"500b7bc8\" data-element_type=\"section\" data-e-type=\"section\" data-settings=\"{&quot;background_background&quot;:&quot;classic&quot;}\">\n\t\t\t\t\t\t<div class=\"elementor-container elementor-column-gap-default\">\n\t\t\t\t\t<div class=\"elementor-column elementor-col-100 elementor-inner-column elementor-element elementor-element-38f57400\" data-id=\"38f57400\" data-element_type=\"column\" data-e-type=\"column\">\n\t\t\t<div class=\"elementor-widget-wrap elementor-element-populated\">\n\t\t\t\t\t\t<div class=\"elementor-element elementor-element-2757f930 elementor-widget elementor-widget-heading\" data-id=\"2757f930\" data-element_type=\"widget\" data-e-type=\"widget\" data-widget_type=\"heading.default\">\n\t\t\t\t<div class=\"elementor-widget-container\">\n\t\t\t\t\t<h3 class=\"elementor-heading-title elementor-size-xl\">Freizeiteinrichtungen<\/h3>\t\t\t\t<\/div>\n\t\t\t\t<\/div>\n\t\t\t\t<div class=\"elementor-element elementor-element-633e40ac elementor-widget-divider--view-line elementor-widget elementor-widget-divider\" data-id=\"633e40ac\" data-element_type=\"widget\" data-e-type=\"widget\" data-widget_type=\"divider.default\">\n\t\t\t\t<div class=\"elementor-widget-container\">\n\t\t\t\t\t\t\t<div class=\"elementor-divider\">\n\t\t\t<span class=\"elementor-divider-separator\">\n\t\t\t\t\t\t<\/span>\n\t\t<\/div>\n\t\t\t\t\t\t<\/div>\n\t\t\t\t<\/div>\n\t\t\t\t<div class=\"elementor-element elementor-element-3d72a68c elementor-widget elementor-widget-text-editor\" data-id=\"3d72a68c\" data-element_type=\"widget\" data-e-type=\"widget\" data-widget_type=\"text-editor.default\">\n\t\t\t\t<div class=\"elementor-widget-container\">\n\t\t\t\t\t\t\t\t\t<p>Das Hotel offeriert verschiedene Freizeiteinrichtungen. Zum Beispiel einen grossen Pool im Lagunenstil mit auslandender Sicht aufs Mittelmeer, einen Kinderpool, einen Pool nur f\u00fcr Erwachsene und ausserdem separat einen Pool und einen Kinderpool f\u00fcr die Appartements.<\/p><p>Weiter gibt es einen Tennisplatz, Tischtennis, ein Fitnesszenter, einen Sch\u00f6nheits- und Friseursalon und APIS Spa.<br \/>Wassersportm\u00f6glichkeiten sind am Strand vorhanden, diese werden durch Drittanbieter angeboten und sind direkt beim jeweiligen Anbieter zu bezahlen.<\/p>\t\t\t\t\t\t\t\t<\/div>\n\t\t\t\t<\/div>\n\t\t\t\t\t<\/div>\n\t\t<\/div>\n\t\t\t\t\t<\/div>\n\t\t<\/section>\n\t\t\t\t\t<\/div>\n\t\t<\/div>\n\t\t\t\t\t<\/div>\n\t\t<\/section>\n\t\t\t\t<section class=\"elementor-section elementor-top-section elementor-element elementor-element-20d93e3a elementor-section-full_width elementor-section-content-middle elementor-reverse-mobile elementor-section-height-default elementor-section-height-default\" data-id=\"20d93e3a\" data-element_type=\"section\" data-e-type=\"section\" data-settings=\"{&quot;background_background&quot;:&quot;classic&quot;}\">\n\t\t\t\t\t\t<div class=\"elementor-container elementor-column-gap-default\">\n\t\t\t\t\t<div class=\"elementor-column elementor-col-50 elementor-top-column elementor-element elementor-element-6b8eee7d\" data-id=\"6b8eee7d\" data-element_type=\"column\" data-e-type=\"column\">\n\t\t\t<div class=\"elementor-widget-wrap elementor-element-populated\">\n\t\t\t\t\t\t<section class=\"elementor-section elementor-inner-section elementor-element elementor-element-34e0c2c1 elementor-section-boxed elementor-section-height-default elementor-section-height-default\" data-id=\"34e0c2c1\" data-element_type=\"section\" data-e-type=\"section\" data-settings=\"{&quot;background_background&quot;:&quot;classic&quot;}\">\n\t\t\t\t\t\t<div class=\"elementor-container elementor-column-gap-default\">\n\t\t\t\t\t<div class=\"elementor-column elementor-col-100 elementor-inner-column elementor-element elementor-element-1acc804f\" data-id=\"1acc804f\" data-element_type=\"column\" data-e-type=\"column\">\n\t\t\t<div class=\"elementor-widget-wrap elementor-element-populated\">\n\t\t\t\t\t\t<div class=\"elementor-element elementor-element-2bfe8a2b elementor-widget elementor-widget-heading\" data-id=\"2bfe8a2b\" data-element_type=\"widget\" data-e-type=\"widget\" data-widget_type=\"heading.default\">\n\t\t\t\t<div class=\"elementor-widget-container\">\n\t\t\t\t\t<h3 class=\"elementor-heading-title elementor-size-xl\">Unterhaltung<\/h3>\t\t\t\t<\/div>\n\t\t\t\t<\/div>\n\t\t\t\t<div class=\"elementor-element elementor-element-18b68b39 elementor-widget-divider--view-line elementor-widget elementor-widget-divider\" data-id=\"18b68b39\" data-element_type=\"widget\" data-e-type=\"widget\" data-widget_type=\"divider.default\">\n\t\t\t\t<div class=\"elementor-widget-container\">\n\t\t\t\t\t\t\t<div class=\"elementor-divider\">\n\t\t\t<span class=\"elementor-divider-separator\">\n\t\t\t\t\t\t<\/span>\n\t\t<\/div>\n\t\t\t\t\t\t<\/div>\n\t\t\t\t<\/div>\n\t\t\t\t<div class=\"elementor-element elementor-element-535b3ec0 elementor-widget elementor-widget-text-editor\" data-id=\"535b3ec0\" data-element_type=\"widget\" data-e-type=\"widget\" data-widget_type=\"text-editor.default\">\n\t\t\t\t<div class=\"elementor-widget-container\">\n\t\t\t\t\t\t\t\t\t<p>Ein Ganztagesangebot an Unterhaltung beinhaltet sportliche Aktivit\u00e4ten, Aqua-Aerobic, Wasserpolo, Spiele, Wettbewerbe und mehr.<br \/>Jeden Abend Unterhaltung mit verschiedenen Programmen, Kinderdisco, Liveunterhaltung, Magier etc..<\/p>\t\t\t\t\t\t\t\t<\/div>\n\t\t\t\t<\/div>\n\t\t\t\t\t<\/div>\n\t\t<\/div>\n\t\t\t\t\t<\/div>\n\t\t<\/section>\n\t\t\t\t\t<\/div>\n\t\t<\/div>\n\t\t\t\t<div class=\"elementor-column elementor-col-50 elementor-top-column elementor-element elementor-element-300faf4a\" data-id=\"300faf4a\" data-element_type=\"column\" data-e-type=\"column\" data-settings=\"{&quot;background_background&quot;:&quot;classic&quot;}\">\n\t\t\t<div class=\"elementor-widget-wrap elementor-element-populated\">\n\t\t\t\t\t\t<div class=\"elementor-element elementor-element-34c0f8e0 elementor-widget elementor-widget-spacer\" data-id=\"34c0f8e0\" data-element_type=\"widget\" data-e-type=\"widget\" data-widget_type=\"spacer.default\">\n\t\t\t\t<div class=\"elementor-widget-container\">\n\t\t\t\t\t\t\t<div class=\"elementor-spacer\">\n\t\t\t<div class=\"elementor-spacer-inner\"><\/div>\n\t\t<\/div>\n\t\t\t\t\t\t<\/div>\n\t\t\t\t<\/div>\n\t\t\t\t\t<\/div>\n\t\t<\/div>\n\t\t\t\t\t<\/div>\n\t\t<\/section>\n\t\t\t\t<section class=\"elementor-section elementor-top-section elementor-element elementor-element-60e2cd3e elementor-section-full_width elementor-section-content-middle elementor-section-height-default elementor-section-height-default\" data-id=\"60e2cd3e\" data-element_type=\"section\" data-e-type=\"section\" data-settings=\"{&quot;background_background&quot;:&quot;classic&quot;}\">\n\t\t\t\t\t\t<div class=\"elementor-container elementor-column-gap-default\">\n\t\t\t\t\t<div class=\"elementor-column elementor-col-50 elementor-top-column elementor-element elementor-element-7b6840a4\" data-id=\"7b6840a4\" data-element_type=\"column\" data-e-type=\"column\" data-settings=\"{&quot;background_background&quot;:&quot;classic&quot;}\">\n\t\t\t<div class=\"elementor-widget-wrap elementor-element-populated\">\n\t\t\t\t\t\t<div class=\"elementor-element elementor-element-6b45a0c4 elementor-widget elementor-widget-spacer\" data-id=\"6b45a0c4\" data-element_type=\"widget\" data-e-type=\"widget\" data-widget_type=\"spacer.default\">\n\t\t\t\t<div class=\"elementor-widget-container\">\n\t\t\t\t\t\t\t<div class=\"elementor-spacer\">\n\t\t\t<div class=\"elementor-spacer-inner\"><\/div>\n\t\t<\/div>\n\t\t\t\t\t\t<\/div>\n\t\t\t\t<\/div>\n\t\t\t\t\t<\/div>\n\t\t<\/div>\n\t\t\t\t<div class=\"elementor-column elementor-col-50 elementor-top-column elementor-element elementor-element-4ee1d57f\" data-id=\"4ee1d57f\" data-element_type=\"column\" data-e-type=\"column\">\n\t\t\t<div class=\"elementor-widget-wrap elementor-element-populated\">\n\t\t\t\t\t\t<section class=\"elementor-section elementor-inner-section elementor-element elementor-element-1ff3f03 elementor-section-boxed elementor-section-height-default elementor-section-height-default\" data-id=\"1ff3f03\" data-element_type=\"section\" data-e-type=\"section\" data-settings=\"{&quot;background_background&quot;:&quot;classic&quot;}\">\n\t\t\t\t\t\t<div class=\"elementor-container elementor-column-gap-default\">\n\t\t\t\t\t<div class=\"elementor-column elementor-col-100 elementor-inner-column elementor-element elementor-element-68ae5b47\" data-id=\"68ae5b47\" data-element_type=\"column\" data-e-type=\"column\">\n\t\t\t<div class=\"elementor-widget-wrap elementor-element-populated\">\n\t\t\t\t\t\t<div class=\"elementor-element elementor-element-2de57a17 elementor-widget elementor-widget-heading\" data-id=\"2de57a17\" data-element_type=\"widget\" data-e-type=\"widget\" data-widget_type=\"heading.default\">\n\t\t\t\t<div class=\"elementor-widget-container\">\n\t\t\t\t\t<h3 class=\"elementor-heading-title elementor-size-xl\">Kinderclub<\/h3>\t\t\t\t<\/div>\n\t\t\t\t<\/div>\n\t\t\t\t<div class=\"elementor-element elementor-element-585f5715 elementor-widget-divider--view-line elementor-widget elementor-widget-divider\" data-id=\"585f5715\" data-element_type=\"widget\" data-e-type=\"widget\" data-widget_type=\"divider.default\">\n\t\t\t\t<div class=\"elementor-widget-container\">\n\t\t\t\t\t\t\t<div class=\"elementor-divider\">\n\t\t\t<span class=\"elementor-divider-separator\">\n\t\t\t\t\t\t<\/span>\n\t\t<\/div>\n\t\t\t\t\t\t<\/div>\n\t\t\t\t<\/div>\n\t\t\t\t<div class=\"elementor-element elementor-element-39fdb9ce elementor-widget elementor-widget-text-editor\" data-id=\"39fdb9ce\" data-element_type=\"widget\" data-e-type=\"widget\" data-widget_type=\"text-editor.default\">\n\t\t\t\t<div class=\"elementor-widget-container\">\n\t\t\t\t\t\t\t\t\t<p>beaufsichtigter Mini-Kidsclub f\u00fcr unsere j\u00fcngeren G\u00e4ste mit Aussenspielplatz und Innen-Raum mit weichen M\u00f6beln und Spielen<\/p>\t\t\t\t\t\t\t\t<\/div>\n\t\t\t\t<\/div>\n\t\t\t\t\t<\/div>\n\t\t<\/div>\n\t\t\t\t\t<\/div>\n\t\t<\/section>\n\t\t\t\t\t<\/div>\n\t\t<\/div>\n\t\t\t\t\t<\/div>\n\t\t<\/section>\n\t\t\t\t<section class=\"elementor-section elementor-top-section elementor-element elementor-element-7cf8d78c elementor-section-full_width elementor-section-content-middle elementor-reverse-mobile elementor-section-height-default elementor-section-height-default\" data-id=\"7cf8d78c\" data-element_type=\"section\" data-e-type=\"section\" data-settings=\"{&quot;background_background&quot;:&quot;classic&quot;}\">\n\t\t\t\t\t\t<div class=\"elementor-container elementor-column-gap-default\">\n\t\t\t\t\t<div class=\"elementor-column elementor-col-50 elementor-top-column elementor-element elementor-element-6f7ef31c\" data-id=\"6f7ef31c\" data-element_type=\"column\" data-e-type=\"column\">\n\t\t\t<div class=\"elementor-widget-wrap elementor-element-populated\">\n\t\t\t\t\t\t<section class=\"elementor-section elementor-inner-section elementor-element elementor-element-11c337fc elementor-section-boxed elementor-section-height-default elementor-section-height-default\" data-id=\"11c337fc\" data-element_type=\"section\" data-e-type=\"section\" data-settings=\"{&quot;background_background&quot;:&quot;classic&quot;}\">\n\t\t\t\t\t\t<div class=\"elementor-container elementor-column-gap-default\">\n\t\t\t\t\t<div class=\"elementor-column elementor-col-100 elementor-inner-column elementor-element elementor-element-5a5d49ef\" data-id=\"5a5d49ef\" data-element_type=\"column\" data-e-type=\"column\">\n\t\t\t<div class=\"elementor-widget-wrap elementor-element-populated\">\n\t\t\t\t\t\t<div class=\"elementor-element elementor-element-74a3f826 elementor-widget elementor-widget-heading\" data-id=\"74a3f826\" data-element_type=\"widget\" data-e-type=\"widget\" data-widget_type=\"heading.default\">\n\t\t\t\t<div class=\"elementor-widget-container\">\n\t\t\t\t\t<h3 class=\"elementor-heading-title elementor-size-xl\">Fitnessraum<\/h3>\t\t\t\t<\/div>\n\t\t\t\t<\/div>\n\t\t\t\t<div class=\"elementor-element elementor-element-6ae8f82 elementor-widget-divider--view-line elementor-widget elementor-widget-divider\" data-id=\"6ae8f82\" data-element_type=\"widget\" data-e-type=\"widget\" data-widget_type=\"divider.default\">\n\t\t\t\t<div class=\"elementor-widget-container\">\n\t\t\t\t\t\t\t<div class=\"elementor-divider\">\n\t\t\t<span class=\"elementor-divider-separator\">\n\t\t\t\t\t\t<\/span>\n\t\t<\/div>\n\t\t\t\t\t\t<\/div>\n\t\t\t\t<\/div>\n\t\t\t\t<div class=\"elementor-element elementor-element-401f1952 elementor-widget elementor-widget-text-editor\" data-id=\"401f1952\" data-element_type=\"widget\" data-e-type=\"widget\" data-widget_type=\"text-editor.default\">\n\t\t\t\t<div class=\"elementor-widget-container\">\n\t\t\t\t\t\t\t\t\t<p>Bleiben Sie fit w\u00e4hrend des Urlaubs. Im Fitnessraum finden sie moderne Herz-Kreislauf-Maschinen, Gewichte und Material f\u00fcr Boden\u00fcbungen.<\/p>\t\t\t\t\t\t\t\t<\/div>\n\t\t\t\t<\/div>\n\t\t\t\t\t<\/div>\n\t\t<\/div>\n\t\t\t\t\t<\/div>\n\t\t<\/section>\n\t\t\t\t\t<\/div>\n\t\t<\/div>\n\t\t\t\t<div class=\"elementor-column elementor-col-50 elementor-top-column elementor-element elementor-element-218018c4\" data-id=\"218018c4\" data-element_type=\"column\" data-e-type=\"column\" data-settings=\"{&quot;background_background&quot;:&quot;classic&quot;}\">\n\t\t\t<div class=\"elementor-widget-wrap elementor-element-populated\">\n\t\t\t\t\t\t<div class=\"elementor-element elementor-element-5b73a30e elementor-widget elementor-widget-spacer\" data-id=\"5b73a30e\" data-element_type=\"widget\" data-e-type=\"widget\" data-widget_type=\"spacer.default\">\n\t\t\t\t<div class=\"elementor-widget-container\">\n\t\t\t\t\t\t\t<div class=\"elementor-spacer\">\n\t\t\t<div class=\"elementor-spacer-inner\"><\/div>\n\t\t<\/div>\n\t\t\t\t\t\t<\/div>\n\t\t\t\t<\/div>\n\t\t\t\t\t<\/div>\n\t\t<\/div>\n\t\t\t\t\t<\/div>\n\t\t<\/section>\n\t\t\t\t<\/div>\n\t\t","protected":false},"excerpt":{"rendered":"<p>Erholung und Sport Ergreifende Momente Freizeiteinrichtungen Das Hotel offeriert verschiedene Freizeiteinrichtungen. Zum Beispiel einen grossen Pool im Lagunenstil mit auslandender Sicht aufs Mittelmeer, einen Kinderpool, einen Pool nur f\u00fcr Erwachsene und ausserdem separat einen Pool und einen Kinderpool f\u00fcr die Appartements. Weiter gibt es einen Tennisplatz, Tischtennis, ein Fitnesszenter, einen Sch\u00f6nheits- und Friseursalon und APIS [&hellip;]<\/p>\n","protected":false},"author":5,"featured_media":0,"parent":0,"menu_order":0,"comment_status":"closed","ping_status":"closed","template":"","meta":{"_acf_changed":false,"footnotes":""},"class_list":["post-1486","page","type-page","status-publish","hentry"],"acf":[],"yoast_head":"<!-- This site is optimized with the Yoast SEO plugin v27.3 - https:\/\/yoast.com\/product\/yoast-seo-wordpress\/ -->\n<title>Melissi Beach Hotel &amp; Spa, Ayia Napa, Cyprus | Erholung und Sport<\/title>\n<meta name=\"description\" content=\"Das Hotel offeriert verschiedene Freizeiteinrichtungen. Zum Beispiel einen grossen Pool im Lagunenstil mit auslandender Sicht aufs Mittelmeer\" \/>\n<meta name=\"robots\" content=\"index, follow, max-snippet:-1, max-image-preview:large, max-video-preview:-1\" \/>\n<link rel=\"canonical\" href=\"https:\/\/melissi.com\/de\/erholung-und-sport\/\" \/>\n<meta property=\"og:locale\" content=\"de_DE\" \/>\n<meta property=\"og:type\" content=\"article\" \/>\n<meta property=\"og:title\" content=\"Melissi Beach Hotel &amp; Spa, Ayia Napa, Cyprus | Erholung und Sport\" \/>\n<meta property=\"og:description\" content=\"Das Hotel offeriert verschiedene Freizeiteinrichtungen. Zum Beispiel einen grossen Pool im Lagunenstil mit auslandender Sicht aufs Mittelmeer\" \/>\n<meta property=\"og:url\" content=\"https:\/\/melissi.com\/de\/erholung-und-sport\/\" \/>\n<meta property=\"og:site_name\" content=\"Melissi\" \/>\n<meta property=\"article:publisher\" content=\"https:\/\/www.facebook.com\/melissi.beach.hotel\" \/>\n<meta property=\"article:modified_time\" content=\"2025-06-10T12:00:26+00:00\" \/>\n<meta name=\"twitter:card\" content=\"summary_large_image\" \/>\n<meta name=\"twitter:site\" content=\"@MelissiHotel\" \/>\n<meta name=\"twitter:label1\" content=\"Gesch\u00e4tzte Lesezeit\" \/>\n\t<meta name=\"twitter:data1\" content=\"1\u00a0Minute\" \/>\n<script type=\"application\/ld+json\" class=\"yoast-schema-graph\">{\"@context\":\"https:\\\/\\\/schema.org\",\"@graph\":[{\"@type\":\"WebPage\",\"@id\":\"https:\\\/\\\/melissi.com\\\/de\\\/erholung-und-sport\\\/\",\"url\":\"https:\\\/\\\/melissi.com\\\/de\\\/erholung-und-sport\\\/\",\"name\":\"Melissi Beach Hotel & Spa, Ayia Napa, Cyprus | Erholung und Sport\",\"isPartOf\":{\"@id\":\"https:\\\/\\\/melissi.com\\\/#website\"},\"datePublished\":\"2019-10-30T14:42:25+00:00\",\"dateModified\":\"2025-06-10T12:00:26+00:00\",\"description\":\"Das Hotel offeriert verschiedene Freizeiteinrichtungen. Zum Beispiel einen grossen Pool im Lagunenstil mit auslandender Sicht aufs Mittelmeer\",\"breadcrumb\":{\"@id\":\"https:\\\/\\\/melissi.com\\\/de\\\/erholung-und-sport\\\/#breadcrumb\"},\"inLanguage\":\"de\",\"potentialAction\":[{\"@type\":\"ReadAction\",\"target\":[\"https:\\\/\\\/melissi.com\\\/de\\\/erholung-und-sport\\\/\"]}]},{\"@type\":\"BreadcrumbList\",\"@id\":\"https:\\\/\\\/melissi.com\\\/de\\\/erholung-und-sport\\\/#breadcrumb\",\"itemListElement\":[{\"@type\":\"ListItem\",\"position\":1,\"name\":\"Home\",\"item\":\"https:\\\/\\\/melissi.com\\\/ru\\\/\"},{\"@type\":\"ListItem\",\"position\":2,\"name\":\"Erholung und Sport\"}]},{\"@type\":\"WebSite\",\"@id\":\"https:\\\/\\\/melissi.com\\\/#website\",\"url\":\"https:\\\/\\\/melissi.com\\\/\",\"name\":\"Melissi\",\"description\":\"Escape from it all\",\"publisher\":{\"@id\":\"https:\\\/\\\/melissi.com\\\/#organization\"},\"potentialAction\":[{\"@type\":\"SearchAction\",\"target\":{\"@type\":\"EntryPoint\",\"urlTemplate\":\"https:\\\/\\\/melissi.com\\\/?s={search_term_string}\"},\"query-input\":{\"@type\":\"PropertyValueSpecification\",\"valueRequired\":true,\"valueName\":\"search_term_string\"}}],\"inLanguage\":\"de\"},{\"@type\":\"Organization\",\"@id\":\"https:\\\/\\\/melissi.com\\\/#organization\",\"name\":\"Melissi Beach Hotel & Spa\",\"url\":\"https:\\\/\\\/melissi.com\\\/\",\"logo\":{\"@type\":\"ImageObject\",\"inLanguage\":\"de\",\"@id\":\"https:\\\/\\\/melissi.com\\\/#\\\/schema\\\/logo\\\/image\\\/\",\"url\":\"https:\\\/\\\/melissi.com\\\/wp-content\\\/uploads\\\/2019\\\/10\\\/logo-600px.png\",\"contentUrl\":\"https:\\\/\\\/melissi.com\\\/wp-content\\\/uploads\\\/2019\\\/10\\\/logo-600px.png\",\"width\":600,\"height\":608,\"caption\":\"Melissi Beach Hotel & Spa\"},\"image\":{\"@id\":\"https:\\\/\\\/melissi.com\\\/#\\\/schema\\\/logo\\\/image\\\/\"},\"sameAs\":[\"https:\\\/\\\/www.facebook.com\\\/melissi.beach.hotel\",\"https:\\\/\\\/x.com\\\/MelissiHotel\",\"https:\\\/\\\/www.instagram.com\\\/melissibeachhotel\\\/\",\"https:\\\/\\\/www.youtube.com\\\/channel\\\/UCmfGZBaGmRhez-ZLVsY1RCg\"]}]}<\/script>\n<!-- \/ Yoast SEO plugin. -->","yoast_head_json":{"title":"Melissi Beach Hotel & Spa, Ayia Napa, Cyprus | Erholung und Sport","description":"Das Hotel offeriert verschiedene Freizeiteinrichtungen. Zum Beispiel einen grossen Pool im Lagunenstil mit auslandender Sicht aufs Mittelmeer","robots":{"index":"index","follow":"follow","max-snippet":"max-snippet:-1","max-image-preview":"max-image-preview:large","max-video-preview":"max-video-preview:-1"},"canonical":"https:\/\/melissi.com\/de\/erholung-und-sport\/","og_locale":"de_DE","og_type":"article","og_title":"Melissi Beach Hotel & Spa, Ayia Napa, Cyprus | Erholung und Sport","og_description":"Das Hotel offeriert verschiedene Freizeiteinrichtungen. Zum Beispiel einen grossen Pool im Lagunenstil mit auslandender Sicht aufs Mittelmeer","og_url":"https:\/\/melissi.com\/de\/erholung-und-sport\/","og_site_name":"Melissi","article_publisher":"https:\/\/www.facebook.com\/melissi.beach.hotel","article_modified_time":"2025-06-10T12:00:26+00:00","twitter_card":"summary_large_image","twitter_site":"@MelissiHotel","twitter_misc":{"Gesch\u00e4tzte Lesezeit":"1\u00a0Minute"},"schema":{"@context":"https:\/\/schema.org","@graph":[{"@type":"WebPage","@id":"https:\/\/melissi.com\/de\/erholung-und-sport\/","url":"https:\/\/melissi.com\/de\/erholung-und-sport\/","name":"Melissi Beach Hotel & Spa, Ayia Napa, Cyprus | Erholung und Sport","isPartOf":{"@id":"https:\/\/melissi.com\/#website"},"datePublished":"2019-10-30T14:42:25+00:00","dateModified":"2025-06-10T12:00:26+00:00","description":"Das Hotel offeriert verschiedene Freizeiteinrichtungen. Zum Beispiel einen grossen Pool im Lagunenstil mit auslandender Sicht aufs Mittelmeer","breadcrumb":{"@id":"https:\/\/melissi.com\/de\/erholung-und-sport\/#breadcrumb"},"inLanguage":"de","potentialAction":[{"@type":"ReadAction","target":["https:\/\/melissi.com\/de\/erholung-und-sport\/"]}]},{"@type":"BreadcrumbList","@id":"https:\/\/melissi.com\/de\/erholung-und-sport\/#breadcrumb","itemListElement":[{"@type":"ListItem","position":1,"name":"Home","item":"https:\/\/melissi.com\/ru\/"},{"@type":"ListItem","position":2,"name":"Erholung und Sport"}]},{"@type":"WebSite","@id":"https:\/\/melissi.com\/#website","url":"https:\/\/melissi.com\/","name":"Melissi","description":"Escape from it all","publisher":{"@id":"https:\/\/melissi.com\/#organization"},"potentialAction":[{"@type":"SearchAction","target":{"@type":"EntryPoint","urlTemplate":"https:\/\/melissi.com\/?s={search_term_string}"},"query-input":{"@type":"PropertyValueSpecification","valueRequired":true,"valueName":"search_term_string"}}],"inLanguage":"de"},{"@type":"Organization","@id":"https:\/\/melissi.com\/#organization","name":"Melissi Beach Hotel & Spa","url":"https:\/\/melissi.com\/","logo":{"@type":"ImageObject","inLanguage":"de","@id":"https:\/\/melissi.com\/#\/schema\/logo\/image\/","url":"https:\/\/melissi.com\/wp-content\/uploads\/2019\/10\/logo-600px.png","contentUrl":"https:\/\/melissi.com\/wp-content\/uploads\/2019\/10\/logo-600px.png","width":600,"height":608,"caption":"Melissi Beach Hotel & Spa"},"image":{"@id":"https:\/\/melissi.com\/#\/schema\/logo\/image\/"},"sameAs":["https:\/\/www.facebook.com\/melissi.beach.hotel","https:\/\/x.com\/MelissiHotel","https:\/\/www.instagram.com\/melissibeachhotel\/","https:\/\/www.youtube.com\/channel\/UCmfGZBaGmRhez-ZLVsY1RCg"]}]}},"_links":{"self":[{"href":"https:\/\/melissi.com\/de\/wp-json\/wp\/v2\/pages\/1486","targetHints":{"allow":["GET"]}}],"collection":[{"href":"https:\/\/melissi.com\/de\/wp-json\/wp\/v2\/pages"}],"about":[{"href":"https:\/\/melissi.com\/de\/wp-json\/wp\/v2\/types\/page"}],"author":[{"embeddable":true,"href":"https:\/\/melissi.com\/de\/wp-json\/wp\/v2\/users\/5"}],"replies":[{"embeddable":true,"href":"https:\/\/melissi.com\/de\/wp-json\/wp\/v2\/comments?post=1486"}],"version-history":[{"count":3,"href":"https:\/\/melissi.com\/de\/wp-json\/wp\/v2\/pages\/1486\/revisions"}],"predecessor-version":[{"id":7579,"href":"https:\/\/melissi.com\/de\/wp-json\/wp\/v2\/pages\/1486\/revisions\/7579"}],"wp:attachment":[{"href":"https:\/\/melissi.com\/de\/wp-json\/wp\/v2\/media?parent=1486"}],"curies":[{"name":"wp","href":"https:\/\/api.w.org\/{rel}","templated":true}]}}