{"id":1465,"date":"2019-10-30T14:39:09","date_gmt":"2019-10-30T14:39:09","guid":{"rendered":"https:\/\/melissi.com\/about\/"},"modified":"2025-06-10T14:52:01","modified_gmt":"2025-06-10T11:52:01","slug":"uber","status":"publish","type":"page","link":"https:\/\/melissi.com\/de\/uber\/","title":{"rendered":"\u00fcber"},"content":{"rendered":"\t\t<div data-elementor-type=\"wp-page\" data-elementor-id=\"1465\" class=\"elementor elementor-1465 elementor-540\" data-elementor-post-type=\"page\">\n\t\t\t\t\t\t<section class=\"elementor-section elementor-top-section elementor-element elementor-element-668cb3ef elementor-section-height-min-height elementor-section-items-bottom elementor-section-boxed elementor-section-height-default\" data-id=\"668cb3ef\" data-element_type=\"section\" data-e-type=\"section\" data-settings=\"{&quot;background_background&quot;:&quot;classic&quot;}\">\n\t\t\t\t\t\t\t<div class=\"elementor-background-overlay\"><\/div>\n\t\t\t\t\t\t\t<div class=\"elementor-container elementor-column-gap-no\">\n\t\t\t\t\t<div class=\"elementor-column elementor-col-100 elementor-top-column elementor-element elementor-element-7ed8bd29\" data-id=\"7ed8bd29\" data-element_type=\"column\" data-e-type=\"column\">\n\t\t\t<div class=\"elementor-widget-wrap elementor-element-populated\">\n\t\t\t\t\t\t<div class=\"elementor-element elementor-element-6865a74 elementor-widget elementor-widget-heading\" data-id=\"6865a74\" data-element_type=\"widget\" data-e-type=\"widget\" data-widget_type=\"heading.default\">\n\t\t\t\t<div class=\"elementor-widget-container\">\n\t\t\t\t\t<h1 class=\"elementor-heading-title elementor-size-xxl\">Das Hotel<\/h1>\t\t\t\t<\/div>\n\t\t\t\t<\/div>\n\t\t\t\t<div class=\"elementor-element elementor-element-2671b20 elementor-widget elementor-widget-heading\" data-id=\"2671b20\" data-element_type=\"widget\" data-e-type=\"widget\" data-widget_type=\"heading.default\">\n\t\t\t\t<div class=\"elementor-widget-container\">\n\t\t\t\t\t<p class=\"elementor-heading-title elementor-size-default\">lassen Sie sich verzaubern<\/p>\t\t\t\t<\/div>\n\t\t\t\t<\/div>\n\t\t\t\t<div class=\"elementor-element elementor-element-3541f524 elementor-widget elementor-widget-spacer\" data-id=\"3541f524\" data-element_type=\"widget\" data-e-type=\"widget\" data-widget_type=\"spacer.default\">\n\t\t\t\t<div class=\"elementor-widget-container\">\n\t\t\t\t\t\t\t<div class=\"elementor-spacer\">\n\t\t\t<div class=\"elementor-spacer-inner\"><\/div>\n\t\t<\/div>\n\t\t\t\t\t\t<\/div>\n\t\t\t\t<\/div>\n\t\t\t\t\t<\/div>\n\t\t<\/div>\n\t\t\t\t\t<\/div>\n\t\t<\/section>\n\t\t\t\t<section class=\"elementor-section elementor-top-section elementor-element elementor-element-162b09a0 elementor-section-content-middle elementor-section-boxed elementor-section-height-default elementor-section-height-default\" data-id=\"162b09a0\" data-element_type=\"section\" data-e-type=\"section\">\n\t\t\t\t\t\t<div class=\"elementor-container elementor-column-gap-default\">\n\t\t\t\t\t<div class=\"elementor-column elementor-col-50 elementor-top-column elementor-element elementor-element-49736917 elementor-hidden-phone\" data-id=\"49736917\" data-element_type=\"column\" data-e-type=\"column\">\n\t\t\t<div class=\"elementor-widget-wrap elementor-element-populated\">\n\t\t\t\t\t\t<div class=\"elementor-element elementor-element-5b08cfc5 elementor-widget elementor-widget-image\" data-id=\"5b08cfc5\" data-element_type=\"widget\" data-e-type=\"widget\" data-widget_type=\"image.default\">\n\t\t\t\t<div class=\"elementor-widget-container\">\n\t\t\t\t\t\t\t\t\t\t\t\t\t\t\t<img fetchpriority=\"high\" decoding=\"async\" width=\"683\" height=\"1024\" src=\"https:\/\/melissi.com\/wp-content\/uploads\/2025\/06\/laps8063r-683x1024.jpg\" class=\"attachment-large size-large wp-image-7376\" alt=\"\" srcset=\"https:\/\/melissi.com\/wp-content\/uploads\/2025\/06\/laps8063r-683x1024.jpg 683w, https:\/\/melissi.com\/wp-content\/uploads\/2025\/06\/laps8063r-200x300.jpg 200w, https:\/\/melissi.com\/wp-content\/uploads\/2025\/06\/laps8063r-768x1151.jpg 768w, https:\/\/melissi.com\/wp-content\/uploads\/2025\/06\/laps8063r-1025x1536.jpg 1025w, https:\/\/melissi.com\/wp-content\/uploads\/2025\/06\/laps8063r-1366x2048.jpg 1366w, https:\/\/melissi.com\/wp-content\/uploads\/2025\/06\/laps8063r-scaled.jpg 1708w\" sizes=\"(max-width: 683px) 100vw, 683px\" \/>\t\t\t\t\t\t\t\t\t\t\t\t\t\t\t<\/div>\n\t\t\t\t<\/div>\n\t\t\t\t\t<\/div>\n\t\t<\/div>\n\t\t\t\t<div class=\"elementor-column elementor-col-50 elementor-top-column elementor-element elementor-element-4e62372b\" data-id=\"4e62372b\" data-element_type=\"column\" data-e-type=\"column\">\n\t\t\t<div class=\"elementor-widget-wrap elementor-element-populated\">\n\t\t\t\t\t\t<div class=\"elementor-element elementor-element-75e1ea7c elementor-widget elementor-widget-heading\" data-id=\"75e1ea7c\" data-element_type=\"widget\" data-e-type=\"widget\" data-widget_type=\"heading.default\">\n\t\t\t\t<div class=\"elementor-widget-container\">\n\t\t\t\t\t<h3 class=\"elementor-heading-title elementor-size-xl\">\u00fcber uns<\/h3>\t\t\t\t<\/div>\n\t\t\t\t<\/div>\n\t\t\t\t<div class=\"elementor-element elementor-element-4869ecf7 elementor-widget-divider--view-line elementor-widget elementor-widget-divider\" data-id=\"4869ecf7\" data-element_type=\"widget\" data-e-type=\"widget\" data-widget_type=\"divider.default\">\n\t\t\t\t<div class=\"elementor-widget-container\">\n\t\t\t\t\t\t\t<div class=\"elementor-divider\">\n\t\t\t<span class=\"elementor-divider-separator\">\n\t\t\t\t\t\t<\/span>\n\t\t<\/div>\n\t\t\t\t\t\t<\/div>\n\t\t\t\t<\/div>\n\t\t\t\t<div class=\"elementor-element elementor-element-5524f5b1 elementor-widget elementor-widget-text-editor\" data-id=\"5524f5b1\" data-element_type=\"widget\" data-e-type=\"widget\" data-widget_type=\"text-editor.default\">\n\t\t\t\t<div class=\"elementor-widget-container\">\n\t\t\t\t\t\t\t\t\t<p>Dieses 4-Sterne Hotel, das sich direkt an einem sandigen, mit der \u00abBlauen Flagge\u00bb ausgezeichneten Strand befindet, bietet 187 Zimmer, 38 Appartements und verschiedene Annehmlichkeiten &amp; Komfort. Es ist ein idealer Zufluchtsort, der den G\u00e4sten einen angenehmen und unvergesslichen Aufenthalt bietet; egal, ob f\u00fcr Paare, die entspannen m\u00f6chten, oder romantische Stunden suchen; oder Familien, die Zeit miteinander verbringen m\u00f6chten; oder f\u00fcr diejenigen, die Unterhaltung und das einzigartige Nachtleben geniessen m\u00f6chten.<\/p><p>Die Appartements befinden sich nur 70 Meter vom Haupteingang des Hotels entfernt. Sie haben einen eigenen Gemeinschaftpool und Zugang zu den Infrastrukturen und Unterhaltungsm\u00f6glichkeiten des Hotels.<\/p><p>Melissi Beach Hotel &amp; Spa wurde 2015 umfangreich renoviert und aufgefrischt, einschliesslich aller Zimmer und \u00f6ffentlichen Bereiche. Ausserdem kamen neue Einrichtungen dazu.<\/p><p>die Renovation beinhaltet folgendes:<\/p><ul><li>komplette Renovation und Sanierung aller Hotelzimmer<\/li><li>voll ausgestatteter moderner Spa und Fitnessraum<\/li><li>ein neuer Pool nur f\u00fcr Erwachsene mit fliessendem Wasser und einer swim-up Bar<\/li><li>eine neue Beachbar<\/li><li>neue Gestaltung rund um die Pools<\/li><li>komplette Renovation und Sanierung aller Appartements<\/li><li>neue Landschaftsgestaltung rund um die Appartements<\/li><li>alle anderen \u00f6ffentliche Bereiche<\/li><\/ul>\t\t\t\t\t\t\t\t<\/div>\n\t\t\t\t<\/div>\n\t\t\t\t\t<\/div>\n\t\t<\/div>\n\t\t\t\t\t<\/div>\n\t\t<\/section>\n\t\t\t\t<\/div>\n\t\t","protected":false},"excerpt":{"rendered":"<p>Das Hotel lassen Sie sich verzaubern \u00fcber uns Dieses 4-Sterne Hotel, das sich direkt an einem sandigen, mit der \u00abBlauen Flagge\u00bb ausgezeichneten Strand befindet, bietet 187 Zimmer, 38 Appartements und verschiedene Annehmlichkeiten &amp; Komfort. Es ist ein idealer Zufluchtsort, der den G\u00e4sten einen angenehmen und unvergesslichen Aufenthalt bietet; egal, ob f\u00fcr Paare, die entspannen m\u00f6chten, [&hellip;]<\/p>\n","protected":false},"author":5,"featured_media":0,"parent":0,"menu_order":0,"comment_status":"closed","ping_status":"closed","template":"","meta":{"_acf_changed":false,"footnotes":""},"class_list":["post-1465","page","type-page","status-publish","hentry"],"acf":[],"yoast_head":"<!-- This site is optimized with the Yoast SEO plugin v27.3 - https:\/\/yoast.com\/product\/yoast-seo-wordpress\/ -->\n<title>Melissi Beach Hotel &amp; Spa, Ayia Napa, Cyprus | Das Hotel<\/title>\n<meta name=\"description\" content=\"Dieses 4-Sterne Hotel, das sich direkt an einem sandigen, mit der \u00abBlauen Flagge\u00bb ausgezeichneten Strand befindet, bietet 187 Zimmer, 38 Appartements\" \/>\n<meta name=\"robots\" content=\"index, follow, max-snippet:-1, max-image-preview:large, max-video-preview:-1\" \/>\n<link rel=\"canonical\" href=\"https:\/\/melissi.com\/de\/uber\/\" \/>\n<meta property=\"og:locale\" content=\"de_DE\" \/>\n<meta property=\"og:type\" content=\"article\" \/>\n<meta property=\"og:title\" content=\"Melissi Beach Hotel &amp; Spa, Ayia Napa, Cyprus | Das Hotel\" \/>\n<meta property=\"og:description\" content=\"Dieses 4-Sterne Hotel, das sich direkt an einem sandigen, mit der \u00abBlauen Flagge\u00bb ausgezeichneten Strand befindet, bietet 187 Zimmer, 38 Appartements\" \/>\n<meta property=\"og:url\" content=\"https:\/\/melissi.com\/de\/uber\/\" \/>\n<meta property=\"og:site_name\" content=\"Melissi\" \/>\n<meta property=\"article:publisher\" content=\"https:\/\/www.facebook.com\/melissi.beach.hotel\" \/>\n<meta property=\"article:modified_time\" content=\"2025-06-10T11:52:01+00:00\" \/>\n<meta property=\"og:image\" content=\"https:\/\/melissi.com\/wp-content\/uploads\/2025\/06\/laps8063r-scaled.jpg\" \/>\n\t<meta property=\"og:image:width\" content=\"1708\" \/>\n\t<meta property=\"og:image:height\" content=\"2560\" \/>\n\t<meta property=\"og:image:type\" content=\"image\/jpeg\" \/>\n<meta name=\"twitter:card\" content=\"summary_large_image\" \/>\n<meta name=\"twitter:site\" content=\"@MelissiHotel\" \/>\n<meta name=\"twitter:label1\" content=\"Gesch\u00e4tzte Lesezeit\" \/>\n\t<meta name=\"twitter:data1\" content=\"2\u00a0Minuten\" \/>\n<script type=\"application\/ld+json\" class=\"yoast-schema-graph\">{\"@context\":\"https:\\\/\\\/schema.org\",\"@graph\":[{\"@type\":\"WebPage\",\"@id\":\"https:\\\/\\\/melissi.com\\\/de\\\/uber\\\/\",\"url\":\"https:\\\/\\\/melissi.com\\\/de\\\/uber\\\/\",\"name\":\"Melissi Beach Hotel & Spa, Ayia Napa, Cyprus | Das Hotel\",\"isPartOf\":{\"@id\":\"https:\\\/\\\/melissi.com\\\/#website\"},\"primaryImageOfPage\":{\"@id\":\"https:\\\/\\\/melissi.com\\\/de\\\/uber\\\/#primaryimage\"},\"image\":{\"@id\":\"https:\\\/\\\/melissi.com\\\/de\\\/uber\\\/#primaryimage\"},\"thumbnailUrl\":\"https:\\\/\\\/melissi.com\\\/wp-content\\\/uploads\\\/2025\\\/06\\\/laps8063r-683x1024.jpg\",\"datePublished\":\"2019-10-30T14:39:09+00:00\",\"dateModified\":\"2025-06-10T11:52:01+00:00\",\"description\":\"Dieses 4-Sterne Hotel, das sich direkt an einem sandigen, mit der \u00abBlauen Flagge\u00bb ausgezeichneten Strand befindet, bietet 187 Zimmer, 38 Appartements\",\"breadcrumb\":{\"@id\":\"https:\\\/\\\/melissi.com\\\/de\\\/uber\\\/#breadcrumb\"},\"inLanguage\":\"de\",\"potentialAction\":[{\"@type\":\"ReadAction\",\"target\":[\"https:\\\/\\\/melissi.com\\\/de\\\/uber\\\/\"]}]},{\"@type\":\"ImageObject\",\"inLanguage\":\"de\",\"@id\":\"https:\\\/\\\/melissi.com\\\/de\\\/uber\\\/#primaryimage\",\"url\":\"https:\\\/\\\/melissi.com\\\/wp-content\\\/uploads\\\/2025\\\/06\\\/laps8063r-683x1024.jpg\",\"contentUrl\":\"https:\\\/\\\/melissi.com\\\/wp-content\\\/uploads\\\/2025\\\/06\\\/laps8063r-683x1024.jpg\"},{\"@type\":\"BreadcrumbList\",\"@id\":\"https:\\\/\\\/melissi.com\\\/de\\\/uber\\\/#breadcrumb\",\"itemListElement\":[{\"@type\":\"ListItem\",\"position\":1,\"name\":\"Home\",\"item\":\"https:\\\/\\\/melissi.com\\\/ru\\\/\"},{\"@type\":\"ListItem\",\"position\":2,\"name\":\"\u00fcber\"}]},{\"@type\":\"WebSite\",\"@id\":\"https:\\\/\\\/melissi.com\\\/#website\",\"url\":\"https:\\\/\\\/melissi.com\\\/\",\"name\":\"Melissi\",\"description\":\"Escape from it all\",\"publisher\":{\"@id\":\"https:\\\/\\\/melissi.com\\\/#organization\"},\"potentialAction\":[{\"@type\":\"SearchAction\",\"target\":{\"@type\":\"EntryPoint\",\"urlTemplate\":\"https:\\\/\\\/melissi.com\\\/?s={search_term_string}\"},\"query-input\":{\"@type\":\"PropertyValueSpecification\",\"valueRequired\":true,\"valueName\":\"search_term_string\"}}],\"inLanguage\":\"de\"},{\"@type\":\"Organization\",\"@id\":\"https:\\\/\\\/melissi.com\\\/#organization\",\"name\":\"Melissi Beach Hotel & Spa\",\"url\":\"https:\\\/\\\/melissi.com\\\/\",\"logo\":{\"@type\":\"ImageObject\",\"inLanguage\":\"de\",\"@id\":\"https:\\\/\\\/melissi.com\\\/#\\\/schema\\\/logo\\\/image\\\/\",\"url\":\"https:\\\/\\\/melissi.com\\\/wp-content\\\/uploads\\\/2019\\\/10\\\/logo-600px.png\",\"contentUrl\":\"https:\\\/\\\/melissi.com\\\/wp-content\\\/uploads\\\/2019\\\/10\\\/logo-600px.png\",\"width\":600,\"height\":608,\"caption\":\"Melissi Beach Hotel & Spa\"},\"image\":{\"@id\":\"https:\\\/\\\/melissi.com\\\/#\\\/schema\\\/logo\\\/image\\\/\"},\"sameAs\":[\"https:\\\/\\\/www.facebook.com\\\/melissi.beach.hotel\",\"https:\\\/\\\/x.com\\\/MelissiHotel\",\"https:\\\/\\\/www.instagram.com\\\/melissibeachhotel\\\/\",\"https:\\\/\\\/www.youtube.com\\\/channel\\\/UCmfGZBaGmRhez-ZLVsY1RCg\"]}]}<\/script>\n<!-- \/ Yoast SEO plugin. -->","yoast_head_json":{"title":"Melissi Beach Hotel & Spa, Ayia Napa, Cyprus | Das Hotel","description":"Dieses 4-Sterne Hotel, das sich direkt an einem sandigen, mit der \u00abBlauen Flagge\u00bb ausgezeichneten Strand befindet, bietet 187 Zimmer, 38 Appartements","robots":{"index":"index","follow":"follow","max-snippet":"max-snippet:-1","max-image-preview":"max-image-preview:large","max-video-preview":"max-video-preview:-1"},"canonical":"https:\/\/melissi.com\/de\/uber\/","og_locale":"de_DE","og_type":"article","og_title":"Melissi Beach Hotel & Spa, Ayia Napa, Cyprus | Das Hotel","og_description":"Dieses 4-Sterne Hotel, das sich direkt an einem sandigen, mit der \u00abBlauen Flagge\u00bb ausgezeichneten Strand befindet, bietet 187 Zimmer, 38 Appartements","og_url":"https:\/\/melissi.com\/de\/uber\/","og_site_name":"Melissi","article_publisher":"https:\/\/www.facebook.com\/melissi.beach.hotel","article_modified_time":"2025-06-10T11:52:01+00:00","og_image":[{"width":1708,"height":2560,"url":"https:\/\/melissi.com\/wp-content\/uploads\/2025\/06\/laps8063r-scaled.jpg","type":"image\/jpeg"}],"twitter_card":"summary_large_image","twitter_site":"@MelissiHotel","twitter_misc":{"Gesch\u00e4tzte Lesezeit":"2\u00a0Minuten"},"schema":{"@context":"https:\/\/schema.org","@graph":[{"@type":"WebPage","@id":"https:\/\/melissi.com\/de\/uber\/","url":"https:\/\/melissi.com\/de\/uber\/","name":"Melissi Beach Hotel & Spa, Ayia Napa, Cyprus | Das Hotel","isPartOf":{"@id":"https:\/\/melissi.com\/#website"},"primaryImageOfPage":{"@id":"https:\/\/melissi.com\/de\/uber\/#primaryimage"},"image":{"@id":"https:\/\/melissi.com\/de\/uber\/#primaryimage"},"thumbnailUrl":"https:\/\/melissi.com\/wp-content\/uploads\/2025\/06\/laps8063r-683x1024.jpg","datePublished":"2019-10-30T14:39:09+00:00","dateModified":"2025-06-10T11:52:01+00:00","description":"Dieses 4-Sterne Hotel, das sich direkt an einem sandigen, mit der \u00abBlauen Flagge\u00bb ausgezeichneten Strand befindet, bietet 187 Zimmer, 38 Appartements","breadcrumb":{"@id":"https:\/\/melissi.com\/de\/uber\/#breadcrumb"},"inLanguage":"de","potentialAction":[{"@type":"ReadAction","target":["https:\/\/melissi.com\/de\/uber\/"]}]},{"@type":"ImageObject","inLanguage":"de","@id":"https:\/\/melissi.com\/de\/uber\/#primaryimage","url":"https:\/\/melissi.com\/wp-content\/uploads\/2025\/06\/laps8063r-683x1024.jpg","contentUrl":"https:\/\/melissi.com\/wp-content\/uploads\/2025\/06\/laps8063r-683x1024.jpg"},{"@type":"BreadcrumbList","@id":"https:\/\/melissi.com\/de\/uber\/#breadcrumb","itemListElement":[{"@type":"ListItem","position":1,"name":"Home","item":"https:\/\/melissi.com\/ru\/"},{"@type":"ListItem","position":2,"name":"\u00fcber"}]},{"@type":"WebSite","@id":"https:\/\/melissi.com\/#website","url":"https:\/\/melissi.com\/","name":"Melissi","description":"Escape from it all","publisher":{"@id":"https:\/\/melissi.com\/#organization"},"potentialAction":[{"@type":"SearchAction","target":{"@type":"EntryPoint","urlTemplate":"https:\/\/melissi.com\/?s={search_term_string}"},"query-input":{"@type":"PropertyValueSpecification","valueRequired":true,"valueName":"search_term_string"}}],"inLanguage":"de"},{"@type":"Organization","@id":"https:\/\/melissi.com\/#organization","name":"Melissi Beach Hotel & Spa","url":"https:\/\/melissi.com\/","logo":{"@type":"ImageObject","inLanguage":"de","@id":"https:\/\/melissi.com\/#\/schema\/logo\/image\/","url":"https:\/\/melissi.com\/wp-content\/uploads\/2019\/10\/logo-600px.png","contentUrl":"https:\/\/melissi.com\/wp-content\/uploads\/2019\/10\/logo-600px.png","width":600,"height":608,"caption":"Melissi Beach Hotel & Spa"},"image":{"@id":"https:\/\/melissi.com\/#\/schema\/logo\/image\/"},"sameAs":["https:\/\/www.facebook.com\/melissi.beach.hotel","https:\/\/x.com\/MelissiHotel","https:\/\/www.instagram.com\/melissibeachhotel\/","https:\/\/www.youtube.com\/channel\/UCmfGZBaGmRhez-ZLVsY1RCg"]}]}},"_links":{"self":[{"href":"https:\/\/melissi.com\/de\/wp-json\/wp\/v2\/pages\/1465","targetHints":{"allow":["GET"]}}],"collection":[{"href":"https:\/\/melissi.com\/de\/wp-json\/wp\/v2\/pages"}],"about":[{"href":"https:\/\/melissi.com\/de\/wp-json\/wp\/v2\/types\/page"}],"author":[{"embeddable":true,"href":"https:\/\/melissi.com\/de\/wp-json\/wp\/v2\/users\/5"}],"replies":[{"embeddable":true,"href":"https:\/\/melissi.com\/de\/wp-json\/wp\/v2\/comments?post=1465"}],"version-history":[{"count":3,"href":"https:\/\/melissi.com\/de\/wp-json\/wp\/v2\/pages\/1465\/revisions"}],"predecessor-version":[{"id":7569,"href":"https:\/\/melissi.com\/de\/wp-json\/wp\/v2\/pages\/1465\/revisions\/7569"}],"wp:attachment":[{"href":"https:\/\/melissi.com\/de\/wp-json\/wp\/v2\/media?parent=1465"}],"curies":[{"name":"wp","href":"https:\/\/api.w.org\/{rel}","templated":true}]}}